{"id":10195,"date":"2020-03-23T20:54:36","date_gmt":"2020-03-23T19:54:36","guid":{"rendered":"https:\/\/oi-paris.com\/wordpress\/?page_id=10195"},"modified":"2024-01-16T10:23:20","modified_gmt":"2024-01-16T09:23:20","slug":"atelier-culture-dimage-saison-2019-2020","status":"publish","type":"page","link":"https:\/\/oi-paris.com\/wordpress\/atelier-culture-dimage-2\/atelier-culture-dimage-saison-2019-2020\/","title":{"rendered":"Atelier Culture d&#8217;image La Photographie Japonaise &#8211; saison 2019-2020"},"content":{"rendered":"<div class=\"members-access-error\">Vous n\u2019avez pas l\u2019autorisation d\u2019afficher ce contenu..<\/p>\n<p>Vous \u00eates adh\u00e9rent d&#8217;Objectif Image Paris, ?<br \/>\nInscrivez- vous pour avoir acc\u00e8s \u00e0 l&#8217;int\u00e9gralit\u00e9 du site.<\/p><\/div>\n","protected":false},"excerpt":{"rendered":"<div class=\"members-access-error\">Vous n\u2019avez pas l\u2019autorisation d\u2019afficher ce contenu..<\/p>\n<p>Vous \u00eates adh\u00e9rent d&#8217;Objectif Image Paris, ?<br \/>\nInscrivez- vous pour avoir acc\u00e8s \u00e0 l&#8217;int\u00e9gralit\u00e9 du site.<\/p><\/div>\n","protected":false},"author":1,"featured_media":0,"parent":10204,"menu_order":0,"comment_status":"closed","ping_status":"closed","template":"","meta":{"_acf_changed":false,"_oasis_is_in_workflow":0,"_oasis_original":0,"_uag_custom_page_level_css":"","footnotes":""},"class_list":["post-10195","page","type-page","status-publish","hentry"],"acf":[],"uagb_featured_image_src":{"full":false,"thumbnail":false,"medium":false,"medium_large":false,"large":false,"1536x1536":false,"2048x2048":false,"thumb-small":false,"thumb-standard":false,"thumb-medium":false,"thumb-large":false,"thumb-xlarge":false,"thumb-xxlarge":false,"mailpoet_newsletter_max":false},"uagb_author_info":{"display_name":"stephane D","author_link":"https:\/\/oi-paris.com\/wordpress\/author\/stephane\/"},"uagb_comment_info":0,"uagb_excerpt":"Vous n\u2019avez pas l\u2019autorisation d\u2019afficher ce contenu.. Vous \u00eates adh\u00e9rent d&#8217;Objectif Image Paris, ? Inscrivez- vous pour avoir acc\u00e8s \u00e0 l&#8217;int\u00e9gralit\u00e9 du site.","_links":{"self":[{"href":"https:\/\/oi-paris.com\/wordpress\/wp-json\/wp\/v2\/pages\/10195","targetHints":{"allow":["GET"]}}],"collection":[{"href":"https:\/\/oi-paris.com\/wordpress\/wp-json\/wp\/v2\/pages"}],"about":[{"href":"https:\/\/oi-paris.com\/wordpress\/wp-json\/wp\/v2\/types\/page"}],"author":[{"embeddable":true,"href":"https:\/\/oi-paris.com\/wordpress\/wp-json\/wp\/v2\/users\/1"}],"replies":[{"embeddable":true,"href":"https:\/\/oi-paris.com\/wordpress\/wp-json\/wp\/v2\/comments?post=10195"}],"version-history":[{"count":34,"href":"https:\/\/oi-paris.com\/wordpress\/wp-json\/wp\/v2\/pages\/10195\/revisions"}],"predecessor-version":[{"id":16533,"href":"https:\/\/oi-paris.com\/wordpress\/wp-json\/wp\/v2\/pages\/10195\/revisions\/16533"}],"up":[{"embeddable":true,"href":"https:\/\/oi-paris.com\/wordpress\/wp-json\/wp\/v2\/pages\/10204"}],"wp:attachment":[{"href":"https:\/\/oi-paris.com\/wordpress\/wp-json\/wp\/v2\/media?parent=10195"}],"curies":[{"name":"wp","href":"https:\/\/api.w.org\/{rel}","templated":true}]}}