{"id":10626,"date":"2020-04-29T17:37:16","date_gmt":"2020-04-29T16:37:16","guid":{"rendered":"https:\/\/oi-paris.com\/wordpress\/?page_id=10626"},"modified":"2024-01-16T09:54:19","modified_gmt":"2024-01-16T08:54:19","slug":"salle-de-formation","status":"publish","type":"page","link":"https:\/\/oi-paris.com\/wordpress\/salle-de-formation\/","title":{"rendered":"Salle de Formation (Visio)"},"content":{"rendered":"<div class=\"members-access-error\">Vous n\u2019avez pas l\u2019autorisation d\u2019afficher ce contenu..<\/p>\n<p>Vous \u00eates adh\u00e9rent d&#8217;Objectif Image Paris, ?<br \/>\nInscrivez- vous pour avoir acc\u00e8s \u00e0 l&#8217;int\u00e9gralit\u00e9 du site.<\/p><\/div>\n","protected":false},"excerpt":{"rendered":"<div class=\"members-access-error\">Vous n\u2019avez pas l\u2019autorisation d\u2019afficher ce contenu..<\/p>\n<p>Vous \u00eates adh\u00e9rent d&#8217;Objectif Image Paris, ?<br \/>\nInscrivez- vous pour avoir acc\u00e8s \u00e0 l&#8217;int\u00e9gralit\u00e9 du site.<\/p><\/div>\n","protected":false},"author":1,"featured_media":0,"parent":0,"menu_order":0,"comment_status":"closed","ping_status":"closed","template":"","meta":{"_acf_changed":false,"_oasis_is_in_workflow":0,"_oasis_original":0,"_uag_custom_page_level_css":"","footnotes":""},"class_list":["post-10626","page","type-page","status-publish","hentry"],"acf":[],"uagb_featured_image_src":{"full":false,"thumbnail":false,"medium":false,"medium_large":false,"large":false,"1536x1536":false,"2048x2048":false,"thumb-small":false,"thumb-standard":false,"thumb-medium":false,"thumb-large":false,"thumb-xlarge":false,"thumb-xxlarge":false,"mailpoet_newsletter_max":false},"uagb_author_info":{"display_name":"stephane D","author_link":"https:\/\/oi-paris.com\/wordpress\/author\/stephane\/"},"uagb_comment_info":0,"uagb_excerpt":"Vous n\u2019avez pas l\u2019autorisation d\u2019afficher ce contenu.. Vous \u00eates adh\u00e9rent d&#8217;Objectif Image Paris, ? Inscrivez- vous pour avoir acc\u00e8s \u00e0 l&#8217;int\u00e9gralit\u00e9 du site.","_links":{"self":[{"href":"https:\/\/oi-paris.com\/wordpress\/wp-json\/wp\/v2\/pages\/10626","targetHints":{"allow":["GET"]}}],"collection":[{"href":"https:\/\/oi-paris.com\/wordpress\/wp-json\/wp\/v2\/pages"}],"about":[{"href":"https:\/\/oi-paris.com\/wordpress\/wp-json\/wp\/v2\/types\/page"}],"author":[{"embeddable":true,"href":"https:\/\/oi-paris.com\/wordpress\/wp-json\/wp\/v2\/users\/1"}],"replies":[{"embeddable":true,"href":"https:\/\/oi-paris.com\/wordpress\/wp-json\/wp\/v2\/comments?post=10626"}],"version-history":[{"count":27,"href":"https:\/\/oi-paris.com\/wordpress\/wp-json\/wp\/v2\/pages\/10626\/revisions"}],"predecessor-version":[{"id":16508,"href":"https:\/\/oi-paris.com\/wordpress\/wp-json\/wp\/v2\/pages\/10626\/revisions\/16508"}],"wp:attachment":[{"href":"https:\/\/oi-paris.com\/wordpress\/wp-json\/wp\/v2\/media?parent=10626"}],"curies":[{"name":"wp","href":"https:\/\/api.w.org\/{rel}","templated":true}]}}