{"id":10664,"date":"2020-05-03T11:54:21","date_gmt":"2020-05-03T10:54:21","guid":{"rendered":"https:\/\/oi-paris.com\/wordpress\/?page_id=10664"},"modified":"2024-01-15T12:15:35","modified_gmt":"2024-01-15T11:15:35","slug":"utilisation-de-la-salle-de-formation","status":"publish","type":"page","link":"https:\/\/oi-paris.com\/wordpress\/utilisation-de-la-salle-de-formation\/","title":{"rendered":"Espaces de visioconf\u00e9rences"},"content":{"rendered":"\n<p><strong>Deux espaces de visio ont \u00e9t\u00e9 cr\u00e9es sur Jitsi<\/strong><\/p>\n<p><strong>Un espace pour les r\u00e9unions : <a href=\"https:\/\/oi-paris.com\/wordpress\/salle-de-visioconference\/\">visioconf\u00e9rences<\/a><\/strong><\/p>\n<p><strong>Un espace pour les s\u00e9ances de formation : <a href=\"https:\/\/oi-paris.com\/wordpress\/salle-de-formation\/\">Salle de formation<\/a><\/strong><\/p>\n<p>\u00a0<\/p>\n<p style=\"text-align: center;\"><strong>Comment utiliser Jisti<\/strong><\/p>\n\n\n<a href=\"https:\/\/oi-paris.com\/wordpress\/wp-content\/uploads\/2020\/05\/Salle-de-Formation.pdf\" class=\"pdfemb-viewer\" style=\"\" data-width=\"max\" data-height=\"max\" data-toolbar=\"bottom\" data-toolbar-fixed=\"off\">Salle-de-Formation<\/a>\n<p class=\"wp-block-pdfemb-pdf-embedder-viewer\"><\/p>\n","protected":false},"excerpt":{"rendered":"","protected":false},"author":1,"featured_media":0,"parent":0,"menu_order":0,"comment_status":"closed","ping_status":"closed","template":"","meta":{"_acf_changed":false,"_oasis_is_in_workflow":0,"_oasis_original":0,"_uag_custom_page_level_css":"","footnotes":""},"class_list":["post-10664","page","type-page","status-publish","hentry"],"acf":[],"uagb_featured_image_src":{"full":false,"thumbnail":false,"medium":false,"medium_large":false,"large":false,"1536x1536":false,"2048x2048":false,"thumb-small":false,"thumb-standard":false,"thumb-medium":false,"thumb-large":false,"thumb-xlarge":false,"thumb-xxlarge":false,"mailpoet_newsletter_max":false},"uagb_author_info":{"display_name":"stephane D","author_link":"https:\/\/oi-paris.com\/wordpress\/author\/stephane\/"},"uagb_comment_info":0,"uagb_excerpt":null,"_links":{"self":[{"href":"https:\/\/oi-paris.com\/wordpress\/wp-json\/wp\/v2\/pages\/10664","targetHints":{"allow":["GET"]}}],"collection":[{"href":"https:\/\/oi-paris.com\/wordpress\/wp-json\/wp\/v2\/pages"}],"about":[{"href":"https:\/\/oi-paris.com\/wordpress\/wp-json\/wp\/v2\/types\/page"}],"author":[{"embeddable":true,"href":"https:\/\/oi-paris.com\/wordpress\/wp-json\/wp\/v2\/users\/1"}],"replies":[{"embeddable":true,"href":"https:\/\/oi-paris.com\/wordpress\/wp-json\/wp\/v2\/comments?post=10664"}],"version-history":[{"count":15,"href":"https:\/\/oi-paris.com\/wordpress\/wp-json\/wp\/v2\/pages\/10664\/revisions"}],"predecessor-version":[{"id":16399,"href":"https:\/\/oi-paris.com\/wordpress\/wp-json\/wp\/v2\/pages\/10664\/revisions\/16399"}],"wp:attachment":[{"href":"https:\/\/oi-paris.com\/wordpress\/wp-json\/wp\/v2\/media?parent=10664"}],"curies":[{"name":"wp","href":"https:\/\/api.w.org\/{rel}","templated":true}]}}