{"id":11560,"date":"2020-06-22T21:09:23","date_gmt":"2020-06-22T20:09:23","guid":{"rendered":"https:\/\/oi-paris.com\/wordpress\/?page_id=11560"},"modified":"2020-07-15T16:27:46","modified_gmt":"2020-07-15T15:27:46","slug":"le-confinement-par-oi-paris","status":"publish","type":"page","link":"https:\/\/oi-paris.com\/wordpress\/le-confinement-par-oi-paris\/","title":{"rendered":"Le confinement par OI-Paris"},"content":{"rendered":"\n<p>Vous trouverez les travaux du groupe de photographe \u00e9chang\u00e9 sur Whatsapp pendant la p\u00e9riode de Confinement.<\/p>\n<p>Chaque book reprend la vision d&#8217;un ou plusieurs auteurs.<\/p>\n<div class=\"dflip-books\"><div class=\"_df_thumb \" id=\"df_11712\"  data-title=\"le-confinement-doi-vue-par-jean-claude\" _slug=\"le-confinement-doi-vue-par-jean-claude\" wpoptions=\"true\" thumb=\"https:\/\/oi-paris.com\/wordpress\/wp-content\/uploads\/2020\/07\/Confinement-Jean-Claude.jpg\" thumbtype=\"img\" >Le Confinement d\u2019OI vue par Jean Claude<\/div><script class=\"df-shortcode-script\" type=\"application\/javascript\">window.option_df_11712 = {\"outline\":[],\"forceFit\":\"true\",\"autoEnableOutline\":\"false\",\"autoEnableThumbnail\":\"false\",\"overwritePDFOutline\":\"false\",\"direction\":\"1\",\"pageMode\":\"0\",\"source\":\"https:\\\/\\\/oi-paris.com\\\/wordpress\\\/wp-content\\\/uploads\\\/2020\\\/07\\\/Confinement-Jean-Claude.pdf\",\"wpOptions\":\"true\"}; if(window.DFLIP && window.DFLIP.parseBooks){window.DFLIP.parseBooks();}<\/script><div class=\"_df_thumb \" id=\"df_11662\"  data-title=\"le-confinement-doi-vue-par-virginie\" _slug=\"le-confinement-doi-vue-par-virginie\" wpoptions=\"true\" thumb=\"https:\/\/oi-paris.com\/wordpress\/wp-content\/uploads\/2020\/07\/Confinement-Virginie.jpg\" thumbtype=\"img\" >Le Confinement d&#8217;OI vue par Virginie<\/div><script class=\"df-shortcode-script\" type=\"application\/javascript\">window.option_df_11662 = {\"outline\":[],\"forceFit\":\"true\",\"autoEnableOutline\":\"false\",\"autoEnableThumbnail\":\"false\",\"overwritePDFOutline\":\"false\",\"direction\":\"1\",\"pageMode\":\"0\",\"source\":\"https:\\\/\\\/oi-paris.com\\\/wordpress\\\/wp-content\\\/uploads\\\/2020\\\/07\\\/Confinement-Virginie.pdf\",\"wpOptions\":\"true\"}; if(window.DFLIP && window.DFLIP.parseBooks){window.DFLIP.parseBooks();}<\/script><div class=\"_df_thumb \" id=\"df_11659\"  data-title=\"le-confinement-doi-vue-par-taraneh\" _slug=\"le-confinement-doi-vue-par-taraneh\" wpoptions=\"true\" thumb=\"https:\/\/oi-paris.com\/wordpress\/wp-content\/uploads\/2020\/07\/Confinement-Taraneh.jpg\" thumbtype=\"img\" >Le Confinement d&#8217;OI vue par Taraneh<\/div><script class=\"df-shortcode-script\" type=\"application\/javascript\">window.option_df_11659 = {\"outline\":[],\"forceFit\":\"true\",\"autoEnableOutline\":\"false\",\"autoEnableThumbnail\":\"false\",\"overwritePDFOutline\":\"false\",\"direction\":\"1\",\"pageMode\":\"0\",\"source\":\"https:\\\/\\\/oi-paris.com\\\/wordpress\\\/wp-content\\\/uploads\\\/2020\\\/07\\\/Confinement-Taraneh.pdf\",\"wpOptions\":\"true\"}; if(window.DFLIP && window.DFLIP.parseBooks){window.DFLIP.parseBooks();}<\/script><div class=\"_df_thumb \" id=\"df_11655\"  data-title=\"le-confinement-doi-vue-par-stephane\" _slug=\"le-confinement-doi-vue-par-stephane\" wpoptions=\"true\" thumb=\"https:\/\/oi-paris.com\/wordpress\/wp-content\/uploads\/2020\/07\/Confinement-Stephane.jpg\" thumbtype=\"img\" >Le Confinement d&#8217;OI vue par Stephane<\/div><script class=\"df-shortcode-script\" type=\"application\/javascript\">window.option_df_11655 = {\"outline\":[],\"forceFit\":\"true\",\"autoEnableOutline\":\"false\",\"autoEnableThumbnail\":\"false\",\"overwritePDFOutline\":\"false\",\"direction\":\"1\",\"pageMode\":\"0\",\"source\":\"https:\\\/\\\/oi-paris.com\\\/wordpress\\\/wp-content\\\/uploads\\\/2020\\\/07\\\/Confinement-Stephane.pdf\",\"wpOptions\":\"true\"}; if(window.DFLIP && window.DFLIP.parseBooks){window.DFLIP.parseBooks();}<\/script><div class=\"_df_thumb \" id=\"df_11648\"  data-title=\"le-confinement-doi-vue-par-helene-et-marie-claire\" _slug=\"le-confinement-doi-vue-par-helene-et-marie-claire\" wpoptions=\"true\" thumb=\"https:\/\/oi-paris.com\/wordpress\/wp-content\/uploads\/2020\/07\/Confinement-H\u00e9l\u00e8ne-et-Marie-Claire.jpg\" thumbtype=\"img\" >Le Confinement d&#8217;OI vue par H\u00e9l\u00e8ne et Marie-Claire<\/div><script class=\"df-shortcode-script\" type=\"application\/javascript\">window.option_df_11648 = {\"outline\":[],\"forceFit\":\"true\",\"autoEnableOutline\":\"false\",\"autoEnableThumbnail\":\"false\",\"overwritePDFOutline\":\"false\",\"direction\":\"1\",\"pageMode\":\"0\",\"source\":\"https:\\\/\\\/oi-paris.com\\\/wordpress\\\/wp-content\\\/uploads\\\/2020\\\/07\\\/Confinement-H\\u00e9l\\u00e8ne-et-Marie-Claire.pdf\",\"wpOptions\":\"true\"}; if(window.DFLIP && window.DFLIP.parseBooks){window.DFLIP.parseBooks();}<\/script><div class=\"_df_thumb \" id=\"df_11643\"  data-title=\"le-confinement-doi-vue-par-florence\" _slug=\"le-confinement-doi-vue-par-florence\" wpoptions=\"true\" thumb=\"https:\/\/oi-paris.com\/wordpress\/wp-content\/uploads\/2020\/07\/Confinement-Florence.jpg\" thumbtype=\"img\" >Le Confinement d&#8217;OI vue par Florence<\/div><script class=\"df-shortcode-script\" type=\"application\/javascript\">window.option_df_11643 = {\"outline\":[],\"forceFit\":\"true\",\"autoEnableOutline\":\"false\",\"autoEnableThumbnail\":\"false\",\"overwritePDFOutline\":\"false\",\"direction\":\"1\",\"pageMode\":\"0\",\"source\":\"https:\\\/\\\/oi-paris.com\\\/wordpress\\\/wp-content\\\/uploads\\\/2020\\\/07\\\/Confinement-Florence.pdf\",\"wpOptions\":\"true\"}; if(window.DFLIP && window.DFLIP.parseBooks){window.DFLIP.parseBooks();}<\/script><div class=\"_df_thumb \" id=\"df_11640\"  data-title=\"le-confinement-doi-vue-par-corinne-g\" _slug=\"le-confinement-doi-vue-par-corinne-g\" wpoptions=\"true\" thumb=\"https:\/\/oi-paris.com\/wordpress\/wp-content\/uploads\/2020\/07\/Confinement-Corinne-G.jpg\" thumbtype=\"img\" >Le Confinement d&#8217;OI vue par Corinne G<\/div><script class=\"df-shortcode-script\" type=\"application\/javascript\">window.option_df_11640 = {\"outline\":[],\"forceFit\":\"true\",\"autoEnableOutline\":\"false\",\"autoEnableThumbnail\":\"false\",\"overwritePDFOutline\":\"false\",\"direction\":\"1\",\"pageMode\":\"0\",\"source\":\"https:\\\/\\\/oi-paris.com\\\/wordpress\\\/wp-content\\\/uploads\\\/2020\\\/07\\\/Confinement-Corinne-G.pdf\",\"wpOptions\":\"true\"}; if(window.DFLIP && window.DFLIP.parseBooks){window.DFLIP.parseBooks();}<\/script><div class=\"_df_thumb \" id=\"df_11632\"  data-title=\"le-confinement-doi-vue-par-corinne-c\" _slug=\"le-confinement-doi-vue-par-corinne-c\" wpoptions=\"true\" thumb=\"https:\/\/oi-paris.com\/wordpress\/wp-content\/uploads\/2020\/07\/Confinement-Corinne-C.jpg\" thumbtype=\"img\" >Le Confinement d&#8217;OI vue par Corinne C<\/div><script class=\"df-shortcode-script\" type=\"application\/javascript\">window.option_df_11632 = {\"outline\":[],\"forceFit\":\"true\",\"autoEnableOutline\":\"false\",\"autoEnableThumbnail\":\"false\",\"overwritePDFOutline\":\"false\",\"direction\":\"1\",\"pageMode\":\"0\",\"source\":\"https:\\\/\\\/oi-paris.com\\\/wordpress\\\/wp-content\\\/uploads\\\/2020\\\/07\\\/Confinement-Corinne-C.pdf\",\"wpOptions\":\"true\"}; if(window.DFLIP && window.DFLIP.parseBooks){window.DFLIP.parseBooks();}<\/script><div class=\"_df_thumb \" id=\"df_11629\"  data-title=\"le-confinement-doi-vue-par-christelle\" _slug=\"le-confinement-doi-vue-par-christele\" wpoptions=\"true\" thumb=\"https:\/\/oi-paris.com\/wordpress\/wp-content\/uploads\/2020\/07\/Confinement-Christelle.jpg\" thumbtype=\"img\" >Le Confinement d&#8217;OI vue par Christelle<\/div><script class=\"df-shortcode-script\" type=\"application\/javascript\">window.option_df_11629 = {\"outline\":[],\"forceFit\":\"true\",\"autoEnableOutline\":\"false\",\"autoEnableThumbnail\":\"false\",\"overwritePDFOutline\":\"false\",\"direction\":\"1\",\"pageMode\":\"0\",\"source\":\"https:\\\/\\\/oi-paris.com\\\/wordpress\\\/wp-content\\\/uploads\\\/2020\\\/07\\\/Confinement-Christelle.pdf\",\"wpOptions\":\"true\"}; if(window.DFLIP && window.DFLIP.parseBooks){window.DFLIP.parseBooks();}<\/script><div class=\"_df_thumb \" id=\"df_11626\"  data-title=\"le-confinement-doi-vue-par-annie\" _slug=\"le-confinement-doi-vue-par-annie\" wpoptions=\"true\" thumb=\"https:\/\/oi-paris.com\/wordpress\/wp-content\/uploads\/2020\/07\/Confinement-Annie.jpg\" thumbtype=\"img\" >Le Confinement d&#8217;OI vue par Annie<\/div><script class=\"df-shortcode-script\" type=\"application\/javascript\">window.option_df_11626 = {\"outline\":[],\"forceFit\":\"true\",\"autoEnableOutline\":\"false\",\"autoEnableThumbnail\":\"false\",\"overwritePDFOutline\":\"false\",\"direction\":\"1\",\"pageMode\":\"0\",\"source\":\"https:\\\/\\\/oi-paris.com\\\/wordpress\\\/wp-content\\\/uploads\\\/2020\\\/07\\\/Confinement-Annie.pdf\",\"wpOptions\":\"true\"}; if(window.DFLIP && window.DFLIP.parseBooks){window.DFLIP.parseBooks();}<\/script><\/div>\n","protected":false},"excerpt":{"rendered":"","protected":false},"author":1,"featured_media":0,"parent":0,"menu_order":0,"comment_status":"closed","ping_status":"closed","template":"","meta":{"_acf_changed":false,"_oasis_is_in_workflow":0,"_oasis_original":0,"_uag_custom_page_level_css":"","footnotes":""},"class_list":["post-11560","page","type-page","status-publish","hentry"],"acf":[],"uagb_featured_image_src":{"full":false,"thumbnail":false,"medium":false,"medium_large":false,"large":false,"1536x1536":false,"2048x2048":false,"thumb-small":false,"thumb-standard":false,"thumb-medium":false,"thumb-large":false,"thumb-xlarge":false,"thumb-xxlarge":false,"mailpoet_newsletter_max":false},"uagb_author_info":{"display_name":"stephane D","author_link":"https:\/\/oi-paris.com\/wordpress\/author\/stephane\/"},"uagb_comment_info":0,"uagb_excerpt":null,"_links":{"self":[{"href":"https:\/\/oi-paris.com\/wordpress\/wp-json\/wp\/v2\/pages\/11560","targetHints":{"allow":["GET"]}}],"collection":[{"href":"https:\/\/oi-paris.com\/wordpress\/wp-json\/wp\/v2\/pages"}],"about":[{"href":"https:\/\/oi-paris.com\/wordpress\/wp-json\/wp\/v2\/types\/page"}],"author":[{"embeddable":true,"href":"https:\/\/oi-paris.com\/wordpress\/wp-json\/wp\/v2\/users\/1"}],"replies":[{"embeddable":true,"href":"https:\/\/oi-paris.com\/wordpress\/wp-json\/wp\/v2\/comments?post=11560"}],"version-history":[{"count":3,"href":"https:\/\/oi-paris.com\/wordpress\/wp-json\/wp\/v2\/pages\/11560\/revisions"}],"predecessor-version":[{"id":11715,"href":"https:\/\/oi-paris.com\/wordpress\/wp-json\/wp\/v2\/pages\/11560\/revisions\/11715"}],"wp:attachment":[{"href":"https:\/\/oi-paris.com\/wordpress\/wp-json\/wp\/v2\/media?parent=11560"}],"curies":[{"name":"wp","href":"https:\/\/api.w.org\/{rel}","templated":true}]}}