{"id":13699,"date":"2021-12-24T11:23:24","date_gmt":"2021-12-24T10:23:24","guid":{"rendered":"https:\/\/oi-paris.com\/wordpress\/?page_id=13699"},"modified":"2022-01-01T18:16:38","modified_gmt":"2022-01-01T17:16:38","slug":"la-reine-de-la-patate-ou-les-cantines-du-detour-francoise-chadaillac","status":"publish","type":"page","link":"https:\/\/oi-paris.com\/wordpress\/la-reine-de-la-patate-ou-les-cantines-du-detour-francoise-chadaillac\/","title":{"rendered":"La reine de la patate ou les cantines du d\u00e9tour \u2022 Fran\u00e7oise Chadaillac."},"content":{"rendered":"\n<p>Fran\u00e7oise Chadaillac part au Qu\u00e9bec en 1979 pour pr\u00e9parer une th\u00e8se, avec photos \u00e0 l\u2019appui, sur les espaces urbains<br \/>Sur place elle d\u00e9couvre les &#8220;stands \u00e0 patates frites&#8221;.<br \/><br \/><\/p>\n\n\n\n<figure class=\"wp-block-image size-full is-style-default\"><img loading=\"lazy\" decoding=\"async\" width=\"2048\" height=\"1536\" src=\"https:\/\/oi-paris.com\/wordpress\/wp-content\/uploads\/2021\/12\/IMG_0694.jpg\" alt=\"\" class=\"wp-image-13701\"\/><\/figure>\n\n\n\n<figure class=\"wp-block-image size-full\"><img loading=\"lazy\" decoding=\"async\" width=\"2048\" height=\"1536\" src=\"https:\/\/oi-paris.com\/wordpress\/wp-content\/uploads\/2021\/12\/IMG_0695.jpg\" alt=\"\" class=\"wp-image-13703\"\/><\/figure>\n\n\n\n<p><\/p>\n\n\n\n<p>J\u2019ai achet\u00e9 le livre pendant la foire de Bi\u00e8vres. J\u2019ai rencontr\u00e9 cette auteure photographique et pu passer un moment agr\u00e9able avec elle. J\u2019ai particuli\u00e8rement aim\u00e9 sa fa\u00e7on de raconter la cr\u00e9ation de ce livre photographique c\u2019est un livre qui a mis longtemps \u00e0 venir mais quel r\u00e9sultat !&#8230; Il vous plonge dans un temps pass\u00e9 qui donne tout son piquant aux photographies montr\u00e9es.<br>Liens vers le reportage <a href=\"https:\/\/www.prixhip.com\/Retour-en-images-sur-la-table-ronde-HiP-a-la-Foire-de-Bievres-2021_a153.html\">des prix HIPS<\/a>  <br><br>Au-del\u00e0 de la page de couverture, l\u2019ensemble des photos montre une certaine vie que je pourrais presque dire, une certaine f\u00eate \u00e0 venir manger des patates frites au bord de la route. Je ressens ce que Fran\u00e7oise transmet par ces photos : la joie de vivre et les plaisirs simples des gens qui, pour quelques dollars s\u2019offrent une sortie.<br><br><br><\/p>\n\n\n\n<figure class=\"wp-block-image size-full\"><img loading=\"lazy\" decoding=\"async\" width=\"2048\" height=\"1536\" src=\"https:\/\/oi-paris.com\/wordpress\/wp-content\/uploads\/2021\/12\/IMG_0698-1.jpg\" alt=\"\" class=\"wp-image-13706\"\/><\/figure>\n\n\n\n<p>Le livre qui rend compte de ce qu&#8217;on peut appeler une v\u00e9ritable culture du stand \u00e0 patates en plus des photos, est parsem\u00e9 de petits textes comme des ha\u00efkus qui accompagnent les photos et forment un tout agr\u00e9able.<br>Les portraits sont touchants \u00e9galement dans le &#8220;jus du stand&#8221;.<\/p>\n\n\n\n<figure class=\"wp-block-image size-full\"><img loading=\"lazy\" decoding=\"async\" width=\"2048\" height=\"1536\" src=\"https:\/\/oi-paris.com\/wordpress\/wp-content\/uploads\/2021\/12\/IMG_0697.jpg\" alt=\"\" class=\"wp-image-13705\"\/><\/figure>\n\n\n\n<figure class=\"wp-block-image size-full\"><img loading=\"lazy\" decoding=\"async\" width=\"2048\" height=\"1536\" src=\"https:\/\/oi-paris.com\/wordpress\/wp-content\/uploads\/2021\/12\/IMG_0696.jpg\" alt=\"\" class=\"wp-image-13707\"\/><\/figure>\n\n\n\n<p>Je vois ce livre comme une page d\u2019histoire populaire. Quand j\u2019\u00e9tais enfant, les ann\u00e9es 20 me paraissaient tr\u00e8s lointaines. Les jeunes qui d\u00e9couvrent ce livre cette ann\u00e9e ont cette m\u00eame perception, une histoire tr\u00e8s lointaine avec des vrais moments de joie et de vie dedans.<\/p>\n\n\n\n<p>Ce livre m\u2019a touch\u00e9 et beaucoup plu.<br>Le tirage des photos est de grande qualit\u00e9. Les noirs sont bien noirs avec un papier ayant une belle main. J\u2019aime cette photo de couverture ench\u00e2ss\u00e9e dans l\u2019\u00e9paisseur de la page cartonn\u00e9e. <br>L\u2019\u00e9diteur Loco est un habitu\u00e9 des livres photos, on reconnait le travail.<br>C\u2019est un beau livre avec une couleur qui vous permettra de vite le retrouver dans la biblioth\u00e8que. <\/p>\n\n\n\n<figure class=\"wp-block-image size-full\"><img loading=\"lazy\" decoding=\"async\" width=\"2048\" height=\"1536\" src=\"https:\/\/oi-paris.com\/wordpress\/wp-content\/uploads\/2021\/12\/IMG_0699.jpg\" alt=\"\" class=\"wp-image-13708\"\/><\/figure>\n\n\n\n<p>Il peut \u00eatre achet\u00e9 dans toutes les bonnes librairies ou aux \u00c9dition Loco : <a href=\"http:\/\/editionsloco.com\/La-reine-de-la-patate-ou-les-cantines-du-detour\">La reine de la patate<\/a> il est \u00e9galement possible d&#8217;obtenir l&#8217;ouvrage d\u00e9dicac\u00e9 aupr\u00e8s du club.<\/p>\n\n\n\n<p><strong>La reine de la patate ou les cantines du d\u00e9tour, 27&#215;24 cm, 120 pages, environ 55 reproductions en bichromie, reli\u00e9 pleine toile avec cuvette <br>Graphisme\u00a0: L\u2019Atelier d\u2019\u00e9dition <br>Prix : 38\u20ac <\/strong><\/p>\n","protected":false},"excerpt":{"rendered":"<p>J\u2019ai achet\u00e9 le livre pendant la foire de Bi\u00e8vres. J\u2019ai rencontr\u00e9 cette auteure photographique et pu passer un moment agr\u00e9able avec elle. J\u2019ai particuli\u00e8rement aim\u00e9 sa fa\u00e7on de raconter la cr\u00e9ation de ce livre&#46;&#46;&#46;<\/p>\n","protected":false},"author":1,"featured_media":13701,"parent":0,"menu_order":0,"comment_status":"closed","ping_status":"closed","template":"","meta":{"_acf_changed":false,"_oasis_is_in_workflow":0,"_oasis_original":0,"_uag_custom_page_level_css":"","footnotes":""},"class_list":["post-13699","page","type-page","status-publish","has-post-thumbnail","hentry"],"acf":[],"uagb_featured_image_src":{"full":["https:\/\/oi-paris.com\/wordpress\/wp-content\/uploads\/2021\/12\/IMG_0694.jpg",2048,1536,false],"thumbnail":["https:\/\/oi-paris.com\/wordpress\/wp-content\/uploads\/2021\/12\/IMG_0694.jpg",150,113,false],"medium":["https:\/\/oi-paris.com\/wordpress\/wp-content\/uploads\/2021\/12\/IMG_0694.jpg",300,225,false],"medium_large":["https:\/\/oi-paris.com\/wordpress\/wp-content\/uploads\/2021\/12\/IMG_0694.jpg",768,576,false],"large":["https:\/\/oi-paris.com\/wordpress\/wp-content\/uploads\/2021\/12\/IMG_0694.jpg",1024,768,false],"1536x1536":["https:\/\/oi-paris.com\/wordpress\/wp-content\/uploads\/2021\/12\/IMG_0694.jpg",1536,1152,false],"2048x2048":["https:\/\/oi-paris.com\/wordpress\/wp-content\/uploads\/2021\/12\/IMG_0694.jpg",2048,1536,false],"thumb-small":["https:\/\/oi-paris.com\/wordpress\/wp-content\/uploads\/2021\/12\/IMG_0694.jpg",80,60,false],"thumb-standard":["https:\/\/oi-paris.com\/wordpress\/wp-content\/uploads\/2021\/12\/IMG_0694.jpg",320,240,false],"thumb-medium":["https:\/\/oi-paris.com\/wordpress\/wp-content\/uploads\/2021\/12\/IMG_0694.jpg",327,245,false],"thumb-large":["https:\/\/oi-paris.com\/wordpress\/wp-content\/uploads\/2021\/12\/IMG_0694.jpg",453,340,false],"thumb-xlarge":["https:\/\/oi-paris.com\/wordpress\/wp-content\/uploads\/2021\/12\/IMG_0694.jpg",600,450,false],"thumb-xxlarge":["https:\/\/oi-paris.com\/wordpress\/wp-content\/uploads\/2021\/12\/IMG_0694.jpg",667,500,false],"mailpoet_newsletter_max":["https:\/\/oi-paris.com\/wordpress\/wp-content\/uploads\/2021\/12\/IMG_0694.jpg",1320,990,false]},"uagb_author_info":{"display_name":"stephane D","author_link":"https:\/\/oi-paris.com\/wordpress\/author\/stephane\/"},"uagb_comment_info":0,"uagb_excerpt":"J\u2019ai achet\u00e9 le livre pendant la foire de Bi\u00e8vres. J\u2019ai rencontr\u00e9 cette auteure photographique et pu passer un moment agr\u00e9able avec elle. J\u2019ai particuli\u00e8rement aim\u00e9 sa fa\u00e7on de raconter la cr\u00e9ation de ce livre&#46;&#46;&#46;","_links":{"self":[{"href":"https:\/\/oi-paris.com\/wordpress\/wp-json\/wp\/v2\/pages\/13699","targetHints":{"allow":["GET"]}}],"collection":[{"href":"https:\/\/oi-paris.com\/wordpress\/wp-json\/wp\/v2\/pages"}],"about":[{"href":"https:\/\/oi-paris.com\/wordpress\/wp-json\/wp\/v2\/types\/page"}],"author":[{"embeddable":true,"href":"https:\/\/oi-paris.com\/wordpress\/wp-json\/wp\/v2\/users\/1"}],"replies":[{"embeddable":true,"href":"https:\/\/oi-paris.com\/wordpress\/wp-json\/wp\/v2\/comments?post=13699"}],"version-history":[{"count":10,"href":"https:\/\/oi-paris.com\/wordpress\/wp-json\/wp\/v2\/pages\/13699\/revisions"}],"predecessor-version":[{"id":13735,"href":"https:\/\/oi-paris.com\/wordpress\/wp-json\/wp\/v2\/pages\/13699\/revisions\/13735"}],"wp:featuredmedia":[{"embeddable":true,"href":"https:\/\/oi-paris.com\/wordpress\/wp-json\/wp\/v2\/media\/13701"}],"wp:attachment":[{"href":"https:\/\/oi-paris.com\/wordpress\/wp-json\/wp\/v2\/media?parent=13699"}],"curies":[{"name":"wp","href":"https:\/\/api.w.org\/{rel}","templated":true}]}}