{"id":1451,"date":"2015-08-08T12:27:30","date_gmt":"2015-08-08T12:27:30","guid":{"rendered":"http:\/\/oi-paris.com\/wordpress\/?page_id=1451"},"modified":"2015-08-26T20:24:51","modified_gmt":"2015-08-26T18:24:51","slug":"prise-de-vue-en-studio","status":"publish","type":"page","link":"https:\/\/oi-paris.com\/wordpress\/prise-de-vue-en-studio\/","title":{"rendered":"Prise de vue en studio"},"content":{"rendered":"<p style=\"line-height: 1.38; margin: 0px;\"><img loading=\"lazy\" decoding=\"async\" class=\"alignnone wp-image-1415 size-thumbnail\" src=\"http:\/\/oi-paris.com\/wordpress\/wp-content\/uploads\/2015\/08\/Photo-carre-150x150.jpg\" alt=\"Photo-carre\" width=\"150\" height=\"150\" srcset=\"https:\/\/oi-paris.com\/wordpress\/wp-content\/uploads\/2015\/08\/Photo-carre-150x150.jpg 150w, https:\/\/oi-paris.com\/wordpress\/wp-content\/uploads\/2015\/08\/Photo-carre-300x300.jpg 300w, https:\/\/oi-paris.com\/wordpress\/wp-content\/uploads\/2015\/08\/Photo-carre-160x160.jpg 160w, https:\/\/oi-paris.com\/wordpress\/wp-content\/uploads\/2015\/08\/Photo-carre-320x320.jpg 320w, https:\/\/oi-paris.com\/wordpress\/wp-content\/uploads\/2015\/08\/Photo-carre.jpg 463w\" sizes=\"auto, (max-width: 150px) 100vw, 150px\" \/><\/p>\n<p><span style=\"color: #000000;\"><strong>Objectifs<\/strong><\/span><\/p>\n<ul>\n<li><span style=\"color: #000000;\">Rendre techniquement et artistiquement autonome les personnes int\u00e9ress\u00e9es par des travaux en studio<\/span><\/li>\n<li><span style=\"color: #000000;\">Leur attribuer le permis de conduire le studio<\/span> (<a href=\"http:\/\/oi-paris.com\/wordpress\/?page_id=63\" target=\"_blank\">voir les modalit\u00e9s de r\u00e9servation<\/a>)<\/li>\n<\/ul>\n<p><span style=\"color: #000000;\"><strong>D\u00e9roul\u00e9<br \/>\n<\/strong><\/span><\/p>\n<p><span style=\"color: #000000;\"><em><span style=\"text-decoration: underline;\">Premi\u00e8re partie (hors studio<\/span>)<\/em><\/span><\/p>\n<ul>\n<li><span style=\"color: #000000;\">Rappel des r\u00e8gles de fonctionnement du studio (Charte, calendrier partag\u00e9, liste du mat\u00e9riel)<\/span><\/li>\n<li><span style=\"color: #000000;\">Description et mode d&#8217;emploi desmat\u00e9riels (flashs, c\u00f4nes, grilles, bol beaut\u00e9, strip box)<\/span><\/li>\n<li><span style=\"color: #000000;\">Les fonds<\/span><\/li>\n<li><span style=\"color: #000000;\">Lumi\u00e8re incidente\/ lumi\u00e8re r\u00e9fl\u00e9chie &#8211; Mesure eu flashm\u00e8tre.<\/span><\/li>\n<li><span style=\"color: #000000;\">Vitesses de synchronisation &#8211; Les \u00e9metteurs radio<\/span><\/li>\n<li><span style=\"color: #000000;\">Les diff\u00e9rents types d&#8217;\u00e9clairages (de\u00a0 \u00e0 flashs et plus)<\/span><\/li>\n<li><span style=\"color: #000000;\">Les poses, le maquillage, la conduite du mod\u00e8le<\/span><\/li>\n<li><span style=\"color: #000000;\">L&#8217;\u00e9diting<\/span><\/li>\n<\/ul>\n<p><span style=\"text-decoration: underline; color: #000000;\"><em>Deuxi\u00e8me partie (en studio)<\/em><\/span><\/p>\n<p><span style=\"color: #000000;\">La s\u00e9ance m\u00eale technique et prise de vue. Les \u00e9l\u00e8ves servent de mod\u00e8le, ce qui s&#8217;av\u00e8re tr\u00e8s utile pour se familiariser avec la conduite de mod\u00e8le. Application pratique de ce qui a \u00e9t\u00e9 pr\u00e9sent\u00e9 en premi\u00e8re partie.<\/span><\/p>\n<p><span style=\"color: #000000;\"><strong>Conditions<\/strong><\/span><\/p>\n<ul>\n<li><span style=\"color: #000000;\">R\u00e9serv\u00e9 aux adh\u00e9rents \u00e0 jour de leur cotisation<\/span><\/li>\n<li><span style=\"color: #000000;\">Sur inscription pr\u00e9alable.<\/span><\/li>\n<li><span style=\"color: #000000;\">Nombre de places limit\u00e9 \u00e0 quatre.<\/span><\/li>\n<li><span style=\"color: #000000;\">Se renseigner aupr\u00e8s du secr\u00e9tariat<\/span><\/li>\n<\/ul>\n<p><span style=\"color: #000000;\"><strong>Dur\u00e9e<\/strong><\/span><\/p>\n<p><span style=\"color: #000000;\">Une journ\u00e9e (samedi ou dimanche). Pour connaitre les dates, consulter<\/span> <a href=\"http:\/\/oi-paris.com\/wordpress\/?page_id=1229\" target=\"_blank\">l&#8217;agenda<\/a><\/p>\n<p>&nbsp;<\/p>\n<p>&nbsp;<\/p>\n<p>&nbsp;<\/p>\n","protected":false},"excerpt":{"rendered":"<p>Objectifs Rendre techniquement et artistiquement autonome les personnes int\u00e9ress\u00e9es par des travaux en studio Leur attribuer le permis de conduire le studio (voir les modalit\u00e9s de r\u00e9servation) D\u00e9roul\u00e9 Premi\u00e8re partie (hors studio) Rappel des&#46;&#46;&#46;<\/p>\n","protected":false},"author":4,"featured_media":0,"parent":0,"menu_order":0,"comment_status":"closed","ping_status":"closed","template":"","meta":{"_acf_changed":false,"_oasis_is_in_workflow":0,"_oasis_original":0,"_uag_custom_page_level_css":"","footnotes":""},"class_list":["post-1451","page","type-page","status-publish","hentry"],"acf":[],"uagb_featured_image_src":{"full":false,"thumbnail":false,"medium":false,"medium_large":false,"large":false,"1536x1536":false,"2048x2048":false,"thumb-small":false,"thumb-standard":false,"thumb-medium":false,"thumb-large":false,"thumb-xlarge":false,"thumb-xxlarge":false,"mailpoet_newsletter_max":false},"uagb_author_info":{"display_name":"Jean Paul Petit","author_link":"https:\/\/oi-paris.com\/wordpress\/author\/jean-paul\/"},"uagb_comment_info":0,"uagb_excerpt":"Objectifs Rendre techniquement et artistiquement autonome les personnes int\u00e9ress\u00e9es par des travaux en studio Leur attribuer le permis de conduire le studio (voir les modalit\u00e9s de r\u00e9servation) D\u00e9roul\u00e9 Premi\u00e8re partie (hors studio) Rappel des&#46;&#46;&#46;","_links":{"self":[{"href":"https:\/\/oi-paris.com\/wordpress\/wp-json\/wp\/v2\/pages\/1451","targetHints":{"allow":["GET"]}}],"collection":[{"href":"https:\/\/oi-paris.com\/wordpress\/wp-json\/wp\/v2\/pages"}],"about":[{"href":"https:\/\/oi-paris.com\/wordpress\/wp-json\/wp\/v2\/types\/page"}],"author":[{"embeddable":true,"href":"https:\/\/oi-paris.com\/wordpress\/wp-json\/wp\/v2\/users\/4"}],"replies":[{"embeddable":true,"href":"https:\/\/oi-paris.com\/wordpress\/wp-json\/wp\/v2\/comments?post=1451"}],"version-history":[{"count":5,"href":"https:\/\/oi-paris.com\/wordpress\/wp-json\/wp\/v2\/pages\/1451\/revisions"}],"predecessor-version":[{"id":2038,"href":"https:\/\/oi-paris.com\/wordpress\/wp-json\/wp\/v2\/pages\/1451\/revisions\/2038"}],"wp:attachment":[{"href":"https:\/\/oi-paris.com\/wordpress\/wp-json\/wp\/v2\/media?parent=1451"}],"curies":[{"name":"wp","href":"https:\/\/api.w.org\/{rel}","templated":true}]}}