{"id":15002,"date":"2022-12-23T00:37:03","date_gmt":"2022-12-22T23:37:03","guid":{"rendered":"https:\/\/oi-paris.com\/wordpress\/?page_id=15002"},"modified":"2026-01-10T17:12:52","modified_gmt":"2026-01-10T16:12:52","slug":"espace-adherents","status":"publish","type":"page","link":"https:\/\/oi-paris.com\/wordpress\/espace-adherents\/","title":{"rendered":"Espace Adh\u00e9rents"},"content":{"rendered":"\n<\/p>\n\n\n\n<div class=\"wp-block-columns is-layout-flex wp-container-core-columns-is-layout-9d6595d7 wp-block-columns-is-layout-flex\">\n<div class=\"wp-block-column is-layout-flow wp-block-column-is-layout-flow\" style=\"flex-basis:66.66%\">\n<p>        <div class=\"members-login-form\">\n            <form name=\"loginform\" id=\"loginform\" action=\"https:\/\/oi-paris.com\/wordpress\/wp-login.php\" method=\"post\"><p class=\"login-username\">\n\t\t\t\t<label for=\"user_login\">Identifiant ou adresse e-mail<\/label>\n\t\t\t\t<input type=\"text\" name=\"log\" id=\"user_login\" autocomplete=\"username\" class=\"input\" value=\"\" size=\"20\" \/>\n\t\t\t<\/p><p class=\"login-password\">\n\t\t\t\t<label for=\"user_pass\">Mot de passe<\/label>\n\t\t\t\t<input type=\"password\" name=\"pwd\" id=\"user_pass\" autocomplete=\"current-password\" spellcheck=\"false\" class=\"input\" value=\"\" size=\"20\" \/>\n\t\t\t<\/p><p class=\"login-remember\"><label><input name=\"rememberme\" type=\"checkbox\" id=\"rememberme\" value=\"forever\" \/> Se souvenir de moi<\/label><\/p><p class=\"login-submit\">\n\t\t\t\t<input type=\"submit\" name=\"wp-submit\" id=\"wp-submit\" class=\"button button-primary\" value=\"Se connecter\" \/>\n\t\t\t\t<input type=\"hidden\" name=\"redirect_to\" value=\"https:\/\/oi-paris.com\/wordpress\/wp-json\/wp\/v2\/pages\/15002\" \/>\n\t\t\t<\/p><input type=\"hidden\" id=\"members_login_nonce\" name=\"members_login_nonce\" value=\"cb895146f6\" \/><input type=\"hidden\" name=\"_wp_http_referer\" value=\"\/wordpress\/wp-json\/wp\/v2\/pages\/15002\" \/><\/form>        <\/div>\n                <style>\n            .members-login-form * {\n                box-sizing: border-box;\n            }\n            .members-login-form label {\n                display: block;\n                margin-bottom: 4px;\n                font-size: 18px;\n                font-weight: 500;\n            }\n            .members-login-form input[type=\"text\"],\n            .members-login-form input[type=\"password\"] {\n                width: 100%;\n                max-width: 320px;\n                padding: 0.5rem 0.75rem;\n                border: 1px solid #64748b;\n                border-radius: 4px;\n                font-size: 16px;\n            }\n            .members-login-form input[type=\"submit\"] {\n                width: 100%;\n                max-width: 320px;\n                padding: 0.75rem;\n                cursor: pointer;\n                background: #64748b;\n                border: 0;\n                border-radius: 4px;\n                color: #fff;\n                font-size: 16px;\n                font-weight: 500;\n            }\n            .members-logged-in input[type=\"submit\"] {\n                pointer-events: none;\n                opacity: 0.4;\n                cursor: not-allowed;\n            }\n            .members-login-notice {\n                display: block !important;\n                max-width: 320px;\n                padding: 10px;\n                background: #f1f1f1;\n                border-radius: 4px;\n                border-left: 3px solid #36d651;\n                font-size: 18px;\n                font-weight: 500;\n            }\n            .members-login-error {\n                border-left-color: #d63638;\n            }\n        <\/style>\n    <\/p>\n\n\n\n<div class=\"wp-block-buttons is-layout-flex wp-block-buttons-is-layout-flex\">\n<div class=\"wp-block-button alignleft\"><a class=\"wp-block-button__link wp-element-button\" href=\"https:\/\/oi-paris.com\/wordpress\/wp-login.php?action=lostpassword\">Mot de passe oubli\u00e9 ?<\/a><\/div>\n<\/div>\n\n\n\n<p><\/p>\n<\/div>\n\n\n\n<div class=\"wp-block-column is-layout-flow wp-block-column-is-layout-flow\" style=\"flex-basis:33.33%\">\n<h4 class=\"wp-block-heading has-text-align-center\">Vous \u00eates adh\u00e9rent \u00e0 Objectif Image Paris, <br>ou vous souhaitez faire un don !<br>Inscrivez- vous pour avoir acc\u00e8s \u00e0 l&#8217;int\u00e9gralit\u00e9 du site.<\/h4>\n\n\n<div class=\"wp-block-image\">\n<figure class=\"aligncenter size-full is-resized\"><a href=\"https:\/\/oi-paris.com\/wordpress\/wp-login.php?action=register\"><img loading=\"lazy\" decoding=\"async\" width=\"562\" height=\"258\" src=\"https:\/\/oi-paris.com\/wordpress\/wp-content\/uploads\/2024\/01\/Pour-sinscrire.jpg\" alt=\"\" class=\"wp-image-16605\" style=\"width:241px;height:auto\" srcset=\"https:\/\/oi-paris.com\/wordpress\/wp-content\/uploads\/2024\/01\/Pour-sinscrire.jpg 562w, https:\/\/oi-paris.com\/wordpress\/wp-content\/uploads\/2024\/01\/Pour-sinscrire-300x138.jpg 300w\" sizes=\"auto, (max-width: 562px) 100vw, 562px\" \/><\/a><\/figure>\n<\/div><\/div>\n<\/div>\n\n\n\n<hr class=\"wp-block-separator has-css-opacity\"\/>\n\n\n<p style=\"text-align: center;\">\n<p><span style=\"display: inline !important; float: none; background-color: #ffffff; color: #191e23; cursor: text; font-family: 'Noto Serif'; font-size: 16px; font-style: normal; font-variant: normal; font-weight: 400; letter-spacing: normal; orphans: 2; text-align: left; text-decoration: none; text-indent: 0px; text-transform: none; -webkit-text-stroke-width: 0px; white-space: normal; word-spacing: 0px;\"><\/p>\n\n\n\n<p><\/p>\n","protected":false},"excerpt":{"rendered":"","protected":false},"author":1,"featured_media":0,"parent":0,"menu_order":0,"comment_status":"closed","ping_status":"closed","template":"","meta":{"_acf_changed":false,"_oasis_is_in_workflow":0,"_oasis_original":0,"_uag_custom_page_level_css":"","footnotes":""},"class_list":["post-15002","page","type-page","status-publish","hentry"],"acf":[],"uagb_featured_image_src":{"full":false,"thumbnail":false,"medium":false,"medium_large":false,"large":false,"1536x1536":false,"2048x2048":false,"thumb-small":false,"thumb-standard":false,"thumb-medium":false,"thumb-large":false,"thumb-xlarge":false,"thumb-xxlarge":false,"mailpoet_newsletter_max":false},"uagb_author_info":{"display_name":"stephane D","author_link":"https:\/\/oi-paris.com\/wordpress\/author\/stephane\/"},"uagb_comment_info":0,"uagb_excerpt":null,"_links":{"self":[{"href":"https:\/\/oi-paris.com\/wordpress\/wp-json\/wp\/v2\/pages\/15002","targetHints":{"allow":["GET"]}}],"collection":[{"href":"https:\/\/oi-paris.com\/wordpress\/wp-json\/wp\/v2\/pages"}],"about":[{"href":"https:\/\/oi-paris.com\/wordpress\/wp-json\/wp\/v2\/types\/page"}],"author":[{"embeddable":true,"href":"https:\/\/oi-paris.com\/wordpress\/wp-json\/wp\/v2\/users\/1"}],"replies":[{"embeddable":true,"href":"https:\/\/oi-paris.com\/wordpress\/wp-json\/wp\/v2\/comments?post=15002"}],"version-history":[{"count":23,"href":"https:\/\/oi-paris.com\/wordpress\/wp-json\/wp\/v2\/pages\/15002\/revisions"}],"predecessor-version":[{"id":18825,"href":"https:\/\/oi-paris.com\/wordpress\/wp-json\/wp\/v2\/pages\/15002\/revisions\/18825"}],"wp:attachment":[{"href":"https:\/\/oi-paris.com\/wordpress\/wp-json\/wp\/v2\/media?parent=15002"}],"curies":[{"name":"wp","href":"https:\/\/api.w.org\/{rel}","templated":true}]}}