{"id":17566,"date":"2025-01-10T18:22:00","date_gmt":"2025-01-10T17:22:00","guid":{"rendered":"https:\/\/oi-paris.com\/wordpress\/?page_id=17566"},"modified":"2025-01-22T08:58:40","modified_gmt":"2025-01-22T07:58:40","slug":"films-a-voir-salle","status":"publish","type":"page","link":"https:\/\/oi-paris.com\/wordpress\/films-a-voir-salle\/","title":{"rendered":"Films \u00e0 voir en salle"},"content":{"rendered":"<div class=\"members-access-error\">Vous n\u2019avez pas l\u2019autorisation d\u2019afficher ce contenu..<\/p>\n<p>Vous \u00eates adh\u00e9rent d&#8217;Objectif Image Paris, ?<br \/>\nInscrivez- vous pour avoir acc\u00e8s \u00e0 l&#8217;int\u00e9gralit\u00e9 du site.<\/p><\/div>\n","protected":false},"excerpt":{"rendered":"<div class=\"members-access-error\">Vous n\u2019avez pas l\u2019autorisation d\u2019afficher ce contenu..<\/p>\n<p>Vous \u00eates adh\u00e9rent d&#8217;Objectif Image Paris, ?<br \/>\nInscrivez- vous pour avoir acc\u00e8s \u00e0 l&#8217;int\u00e9gralit\u00e9 du site.<\/p><\/div>\n","protected":false},"author":18,"featured_media":15104,"parent":0,"menu_order":0,"comment_status":"closed","ping_status":"closed","template":"","meta":{"_acf_changed":false,"_oasis_is_in_workflow":0,"_oasis_original":0,"_uag_custom_page_level_css":"","footnotes":""},"class_list":["post-17566","page","type-page","status-publish","has-post-thumbnail","hentry"],"acf":[],"uagb_featured_image_src":{"full":["https:\/\/oi-paris.com\/wordpress\/wp-content\/uploads\/2023\/01\/istockphoto-478028484-170667a.jpg",525,328,false],"thumbnail":["https:\/\/oi-paris.com\/wordpress\/wp-content\/uploads\/2023\/01\/istockphoto-478028484-170667a.jpg",150,94,false],"medium":["https:\/\/oi-paris.com\/wordpress\/wp-content\/uploads\/2023\/01\/istockphoto-478028484-170667a.jpg",300,187,false],"medium_large":["https:\/\/oi-paris.com\/wordpress\/wp-content\/uploads\/2023\/01\/istockphoto-478028484-170667a.jpg",525,328,false],"large":["https:\/\/oi-paris.com\/wordpress\/wp-content\/uploads\/2023\/01\/istockphoto-478028484-170667a.jpg",525,328,false],"1536x1536":["https:\/\/oi-paris.com\/wordpress\/wp-content\/uploads\/2023\/01\/istockphoto-478028484-170667a.jpg",525,328,false],"2048x2048":["https:\/\/oi-paris.com\/wordpress\/wp-content\/uploads\/2023\/01\/istockphoto-478028484-170667a.jpg",525,328,false],"thumb-small":["https:\/\/oi-paris.com\/wordpress\/wp-content\/uploads\/2023\/01\/istockphoto-478028484-170667a.jpg",80,50,false],"thumb-standard":["https:\/\/oi-paris.com\/wordpress\/wp-content\/uploads\/2023\/01\/istockphoto-478028484-170667a.jpg",320,200,false],"thumb-medium":["https:\/\/oi-paris.com\/wordpress\/wp-content\/uploads\/2023\/01\/istockphoto-478028484-170667a.jpg",392,245,false],"thumb-large":["https:\/\/oi-paris.com\/wordpress\/wp-content\/uploads\/2023\/01\/istockphoto-478028484-170667a.jpg",525,328,false],"thumb-xlarge":["https:\/\/oi-paris.com\/wordpress\/wp-content\/uploads\/2023\/01\/istockphoto-478028484-170667a.jpg",525,328,false],"thumb-xxlarge":["https:\/\/oi-paris.com\/wordpress\/wp-content\/uploads\/2023\/01\/istockphoto-478028484-170667a.jpg",525,328,false],"mailpoet_newsletter_max":["https:\/\/oi-paris.com\/wordpress\/wp-content\/uploads\/2023\/01\/istockphoto-478028484-170667a.jpg",525,328,false]},"uagb_author_info":{"display_name":"Christelle","author_link":"https:\/\/oi-paris.com\/wordpress\/author\/christele-b\/"},"uagb_comment_info":0,"uagb_excerpt":"Vous n\u2019avez pas l\u2019autorisation d\u2019afficher ce contenu.. Vous \u00eates adh\u00e9rent d&#8217;Objectif Image Paris, ? Inscrivez- vous pour avoir acc\u00e8s \u00e0 l&#8217;int\u00e9gralit\u00e9 du site.","_links":{"self":[{"href":"https:\/\/oi-paris.com\/wordpress\/wp-json\/wp\/v2\/pages\/17566","targetHints":{"allow":["GET"]}}],"collection":[{"href":"https:\/\/oi-paris.com\/wordpress\/wp-json\/wp\/v2\/pages"}],"about":[{"href":"https:\/\/oi-paris.com\/wordpress\/wp-json\/wp\/v2\/types\/page"}],"author":[{"embeddable":true,"href":"https:\/\/oi-paris.com\/wordpress\/wp-json\/wp\/v2\/users\/18"}],"replies":[{"embeddable":true,"href":"https:\/\/oi-paris.com\/wordpress\/wp-json\/wp\/v2\/comments?post=17566"}],"version-history":[{"count":8,"href":"https:\/\/oi-paris.com\/wordpress\/wp-json\/wp\/v2\/pages\/17566\/revisions"}],"predecessor-version":[{"id":17705,"href":"https:\/\/oi-paris.com\/wordpress\/wp-json\/wp\/v2\/pages\/17566\/revisions\/17705"}],"wp:featuredmedia":[{"embeddable":true,"href":"https:\/\/oi-paris.com\/wordpress\/wp-json\/wp\/v2\/media\/15104"}],"wp:attachment":[{"href":"https:\/\/oi-paris.com\/wordpress\/wp-json\/wp\/v2\/media?parent=17566"}],"curies":[{"name":"wp","href":"https:\/\/api.w.org\/{rel}","templated":true}]}}