{"id":19227,"date":"2026-05-13T12:00:30","date_gmt":"2026-05-13T10:00:30","guid":{"rendered":"https:\/\/oi-paris.com\/wordpress\/?page_id=19227"},"modified":"2026-05-13T12:24:11","modified_gmt":"2026-05-13T10:24:11","slug":"photos-de-famille-memoire-de-famille","status":"publish","type":"page","link":"https:\/\/oi-paris.com\/wordpress\/photos-de-famille-memoire-de-famille\/","title":{"rendered":"Photos de famille, m\u00e9moire de famille"},"content":{"rendered":"<div class=\"members-access-error\">Vous n\u2019avez pas l\u2019autorisation d\u2019afficher ce contenu..<\/p>\n<p>Vous \u00eates adh\u00e9rent d&#8217;Objectif Image Paris, ?<br \/>\nInscrivez- vous pour avoir acc\u00e8s \u00e0 l&#8217;int\u00e9gralit\u00e9 du site.<\/p><\/div>\n","protected":false},"excerpt":{"rendered":"<div class=\"members-access-error\">Vous n\u2019avez pas l\u2019autorisation d\u2019afficher ce contenu..<\/p>\n<p>Vous \u00eates adh\u00e9rent d&#8217;Objectif Image Paris, ?<br \/>\nInscrivez- vous pour avoir acc\u00e8s \u00e0 l&#8217;int\u00e9gralit\u00e9 du site.<\/p><\/div>\n","protected":false},"author":100,"featured_media":19230,"parent":0,"menu_order":0,"comment_status":"closed","ping_status":"closed","template":"","meta":{"_acf_changed":false,"_oasis_is_in_workflow":0,"_oasis_original":0,"_uag_custom_page_level_css":"","footnotes":""},"class_list":["post-19227","page","type-page","status-publish","has-post-thumbnail","hentry"],"acf":[],"uagb_featured_image_src":{"full":["https:\/\/oi-paris.com\/wordpress\/wp-content\/uploads\/2026\/05\/2026-05-photo-de-famille-Ph.jpg",2148,1328,false],"thumbnail":["https:\/\/oi-paris.com\/wordpress\/wp-content\/uploads\/2026\/05\/2026-05-photo-de-famille-Ph-150x150.jpg",150,150,true],"medium":["https:\/\/oi-paris.com\/wordpress\/wp-content\/uploads\/2026\/05\/2026-05-photo-de-famille-Ph-300x185.jpg",300,185,true],"medium_large":["https:\/\/oi-paris.com\/wordpress\/wp-content\/uploads\/2026\/05\/2026-05-photo-de-famille-Ph-768x475.jpg",768,475,true],"large":["https:\/\/oi-paris.com\/wordpress\/wp-content\/uploads\/2026\/05\/2026-05-photo-de-famille-Ph-1024x633.jpg",1024,633,true],"1536x1536":["https:\/\/oi-paris.com\/wordpress\/wp-content\/uploads\/2026\/05\/2026-05-photo-de-famille-Ph-1536x950.jpg",1536,950,true],"2048x2048":["https:\/\/oi-paris.com\/wordpress\/wp-content\/uploads\/2026\/05\/2026-05-photo-de-famille-Ph-2048x1266.jpg",2048,1266,true],"thumb-small":["https:\/\/oi-paris.com\/wordpress\/wp-content\/uploads\/2026\/05\/2026-05-photo-de-famille-Ph-80x80.jpg",80,80,true],"thumb-standard":["https:\/\/oi-paris.com\/wordpress\/wp-content\/uploads\/2026\/05\/2026-05-photo-de-famille-Ph-320x320.jpg",320,320,true],"thumb-medium":["https:\/\/oi-paris.com\/wordpress\/wp-content\/uploads\/2026\/05\/2026-05-photo-de-famille-Ph-520x245.jpg",520,245,true],"thumb-large":["https:\/\/oi-paris.com\/wordpress\/wp-content\/uploads\/2026\/05\/2026-05-photo-de-famille-Ph-720x340.jpg",720,340,true],"thumb-xlarge":["https:\/\/oi-paris.com\/wordpress\/wp-content\/uploads\/2026\/05\/2026-05-photo-de-famille-Ph-980x450.jpg",980,450,true],"thumb-xxlarge":["https:\/\/oi-paris.com\/wordpress\/wp-content\/uploads\/2026\/05\/2026-05-photo-de-famille-Ph-1320x500.jpg",1320,500,true],"mailpoet_newsletter_max":["https:\/\/oi-paris.com\/wordpress\/wp-content\/uploads\/2026\/05\/2026-05-photo-de-famille-Ph-1320x816.jpg",1320,816,true]},"uagb_author_info":{"display_name":"Philippe Bernet","author_link":"https:\/\/oi-paris.com\/wordpress\/author\/bernetphilippe\/"},"uagb_comment_info":0,"uagb_excerpt":"Vous n\u2019avez pas l\u2019autorisation d\u2019afficher ce contenu.. Vous \u00eates adh\u00e9rent d&#8217;Objectif Image Paris, ? Inscrivez- vous pour avoir acc\u00e8s \u00e0 l&#8217;int\u00e9gralit\u00e9 du site.","_links":{"self":[{"href":"https:\/\/oi-paris.com\/wordpress\/wp-json\/wp\/v2\/pages\/19227","targetHints":{"allow":["GET"]}}],"collection":[{"href":"https:\/\/oi-paris.com\/wordpress\/wp-json\/wp\/v2\/pages"}],"about":[{"href":"https:\/\/oi-paris.com\/wordpress\/wp-json\/wp\/v2\/types\/page"}],"author":[{"embeddable":true,"href":"https:\/\/oi-paris.com\/wordpress\/wp-json\/wp\/v2\/users\/100"}],"replies":[{"embeddable":true,"href":"https:\/\/oi-paris.com\/wordpress\/wp-json\/wp\/v2\/comments?post=19227"}],"version-history":[{"count":1,"href":"https:\/\/oi-paris.com\/wordpress\/wp-json\/wp\/v2\/pages\/19227\/revisions"}],"predecessor-version":[{"id":19228,"href":"https:\/\/oi-paris.com\/wordpress\/wp-json\/wp\/v2\/pages\/19227\/revisions\/19228"}],"wp:featuredmedia":[{"embeddable":true,"href":"https:\/\/oi-paris.com\/wordpress\/wp-json\/wp\/v2\/media\/19230"}],"wp:attachment":[{"href":"https:\/\/oi-paris.com\/wordpress\/wp-json\/wp\/v2\/media?parent=19227"}],"curies":[{"name":"wp","href":"https:\/\/api.w.org\/{rel}","templated":true}]}}