{"id":23,"date":"2015-04-23T10:55:43","date_gmt":"2015-04-23T09:55:43","guid":{"rendered":"http:\/\/pierremphoto.legtux.org\/wp\/?page_id=23"},"modified":"2024-08-16T16:41:16","modified_gmt":"2024-08-16T14:41:16","slug":"adhesion","status":"publish","type":"page","link":"https:\/\/oi-paris.com\/wordpress\/adhesion\/","title":{"rendered":"Adh\u00e9sion"},"content":{"rendered":"<p><span style=\"color: #000000;\">L\u2019adh\u00e9sion donne acc\u00e8s \u00e0 l\u2019ensemble des activit\u00e9s propos\u00e9es par l\u2019association : r\u00e9unions, sorties photo, formations, ateliers, acc\u00e8s aux locaux et utilisation du mat\u00e9riel (sous r\u00e9serve de l&#8217;obtention du<\/span> permis de conduire<span style=\"color: #000000;\"> ), ainsi qu&#8217;aux manifestations organis\u00e9s par les membres.<\/span><\/p>\n<hr \/>\n<h4 style=\"text-align: center;\"><span style=\"color: #000000;\"><strong>Qui peut adh\u00e9rer<\/strong><\/span><\/h4>\n<ul>\n<li><span style=\"color: #000000;\">Toute personne majeure<\/span><\/li>\n<\/ul>\n<h4 style=\"text-align: center;\"><span style=\"color: #000000;\"><strong>Formalit\u00e9s<\/strong><\/span><\/h4>\n<ul>\n<li><span style=\"color: #000000;\">L\u2019adh\u00e9sion est mat\u00e9rialis\u00e9e par un bulletin d\u2019adh\u00e9sion rempli et sign\u00e9 demand\u00e9 au secr\u00e9tariat, et une cotisation annuelle. Inscription en ligne :\u00a0<a href=\"https:\/\/oi-paris.com\/wordpress\/espace-adherents\/\">Clic<\/a><br \/>\n<\/span><\/p>\n<ul>\n<li>Premier niveau permettant de participer aux r\u00e9unions et aux sorties photos.<\/li>\n<li>Deuxi\u00e8me niveau donnant droit \u00e0 la participation aux r\u00e9unions, aux sorties, \u00e0 l\u2019utilisation des locaux et du mat\u00e9riel (sous r\u00e9serve de l\u2019apprentissage \u00e0 l\u2019utilisation de ce mat\u00e9riel)<\/li>\n<\/ul>\n<\/li>\n<li><span style=\"color: #000000;\">Les nouvelles adh\u00e9sions re\u00e7ues \u00e0 partir du 1er septembre sont valables pour l\u2019ann\u00e9e civile suivante.<\/span><\/li>\n<li><span style=\"color: #000000;\">Les cotisations sont renouvelables au 1er janvier de chaque ann\u00e9e et sont valables jusqu\u2019au 31 d\u00e9cembre.<\/span><\/li>\n<\/ul>\n<h4 style=\"text-align: center;\"><strong>Tarifs\u00a0<\/strong><\/h4>\n<ul>\n<li>Amis d&#8217;OI Paris\u00a0 : <strong>7<\/strong><strong style=\"font-size: revert;\">0 \u20ac<\/strong><\/li>\n<li>Donateur d&#8217;OI Paris : <strong style=\"font-size: revert;\">170 \u20ac<\/strong><\/li>\n<li>Bienfaiteur d&#8217;OI Paris a partir de\u00a0 : <strong>200\u20ac<\/strong><\/li>\n<\/ul>\n<hr \/>\n<h6 style=\"text-align: center;\"><img loading=\"lazy\" decoding=\"async\" class=\"alignnone  wp-image-13551\" src=\"https:\/\/oi-paris.com\/wordpress\/wp-content\/uploads\/2021\/10\/Stephane-Derny-42.jpg\" alt=\"\" width=\"874\" height=\"655\" \/><\/h6>\n","protected":false},"excerpt":{"rendered":"<p>L\u2019adh\u00e9sion donne acc\u00e8s \u00e0 l\u2019ensemble des activit\u00e9s propos\u00e9es par l\u2019association : r\u00e9unions, sorties photo, formations, ateliers, acc\u00e8s aux locaux et utilisation du mat\u00e9riel (sous r\u00e9serve de l&#8217;obtention du permis de conduire ), ainsi qu&#8217;aux&#46;&#46;&#46;<\/p>\n","protected":false},"author":2,"featured_media":0,"parent":0,"menu_order":0,"comment_status":"closed","ping_status":"closed","template":"","meta":{"_acf_changed":false,"_oasis_is_in_workflow":0,"_oasis_original":0,"_uag_custom_page_level_css":"","footnotes":""},"class_list":["post-23","page","type-page","status-publish","hentry"],"acf":[],"uagb_featured_image_src":{"full":false,"thumbnail":false,"medium":false,"medium_large":false,"large":false,"1536x1536":false,"2048x2048":false,"thumb-small":false,"thumb-standard":false,"thumb-medium":false,"thumb-large":false,"thumb-xlarge":false,"thumb-xxlarge":false,"mailpoet_newsletter_max":false},"uagb_author_info":{"display_name":"Rozenn D","author_link":"https:\/\/oi-paris.com\/wordpress\/author\/rozenn\/"},"uagb_comment_info":0,"uagb_excerpt":"L\u2019adh\u00e9sion donne acc\u00e8s \u00e0 l\u2019ensemble des activit\u00e9s propos\u00e9es par l\u2019association : r\u00e9unions, sorties photo, formations, ateliers, acc\u00e8s aux locaux et utilisation du mat\u00e9riel (sous r\u00e9serve de l&#8217;obtention du permis de conduire ), ainsi qu&#8217;aux&#46;&#46;&#46;","_links":{"self":[{"href":"https:\/\/oi-paris.com\/wordpress\/wp-json\/wp\/v2\/pages\/23","targetHints":{"allow":["GET"]}}],"collection":[{"href":"https:\/\/oi-paris.com\/wordpress\/wp-json\/wp\/v2\/pages"}],"about":[{"href":"https:\/\/oi-paris.com\/wordpress\/wp-json\/wp\/v2\/types\/page"}],"author":[{"embeddable":true,"href":"https:\/\/oi-paris.com\/wordpress\/wp-json\/wp\/v2\/users\/2"}],"replies":[{"embeddable":true,"href":"https:\/\/oi-paris.com\/wordpress\/wp-json\/wp\/v2\/comments?post=23"}],"version-history":[{"count":19,"href":"https:\/\/oi-paris.com\/wordpress\/wp-json\/wp\/v2\/pages\/23\/revisions"}],"predecessor-version":[{"id":17060,"href":"https:\/\/oi-paris.com\/wordpress\/wp-json\/wp\/v2\/pages\/23\/revisions\/17060"}],"wp:attachment":[{"href":"https:\/\/oi-paris.com\/wordpress\/wp-json\/wp\/v2\/media?parent=23"}],"curies":[{"name":"wp","href":"https:\/\/api.w.org\/{rel}","templated":true}]}}