{"id":2649,"date":"2015-11-08T14:39:07","date_gmt":"2015-11-08T12:39:07","guid":{"rendered":"http:\/\/oi-paris.com\/wordpress\/?page_id=2649"},"modified":"2024-01-16T09:47:41","modified_gmt":"2024-01-16T08:47:41","slug":"rediger-un-article-pour-le-site","status":"publish","type":"page","link":"https:\/\/oi-paris.com\/wordpress\/rediger-un-article-pour-le-site\/","title":{"rendered":"R\u00e9diger un article pour le site"},"content":{"rendered":"<p><a href=\"http:\/\/oi-paris.com\/wordpress\/wp-content\/uploads\/2015\/08\/Textes-carre1.jpg\" data-rel=\"lightbox-image-0\" data-rl_title=\"\" data-rl_caption=\"\" title=\"\"><img loading=\"lazy\" decoding=\"async\" class=\"alignnone size-thumbnail wp-image-1762\" src=\"https:\/\/oi-paris.com\/wordpress\/wp-content\/uploads\/2015\/08\/Textes-carre1-150x150.jpg\" alt=\"Textes-carre\" width=\"150\" height=\"150\" srcset=\"https:\/\/oi-paris.com\/wordpress\/wp-content\/uploads\/2015\/08\/Textes-carre1-150x150.jpg 150w, https:\/\/oi-paris.com\/wordpress\/wp-content\/uploads\/2015\/08\/Textes-carre1-300x300.jpg 300w, https:\/\/oi-paris.com\/wordpress\/wp-content\/uploads\/2015\/08\/Textes-carre1-160x160.jpg 160w, https:\/\/oi-paris.com\/wordpress\/wp-content\/uploads\/2015\/08\/Textes-carre1-320x320.jpg 320w, https:\/\/oi-paris.com\/wordpress\/wp-content\/uploads\/2015\/08\/Textes-carre1.jpg 463w\" sizes=\"auto, (max-width: 150px) 100vw, 150px\" \/><\/a><\/p>\n<p><strong><span style=\"color: #000000;\">Le blog est aliment\u00e9 par les\u00a0adh\u00e9rents qui le souhaitent, sous la houlette de <a href=\"mailto:jean-paul@oi-paris.com\">Jean-Paul<\/a>.<\/span><\/strong><\/p>\n<p><strong><span style=\"color: #000000;\">Retrouvez ici la derni\u00e8re version du tutoriel de Rozenn : <a href=\"http:\/\/oi-paris.com\/wordpress\/wp-content\/uploads\/2018\/01\/Tuto_ecrire_articleV7.pdf\">\u00e9crire article<\/a><\/span><\/strong><\/p>\n","protected":false},"excerpt":{"rendered":"<p>Le blog est aliment\u00e9 par les\u00a0adh\u00e9rents qui le souhaitent, sous la houlette de Jean-Paul. Retrouvez ici la derni\u00e8re version du tutoriel de Rozenn : \u00e9crire article<\/p>\n","protected":false},"author":2,"featured_media":0,"parent":0,"menu_order":0,"comment_status":"closed","ping_status":"closed","template":"","meta":{"_acf_changed":false,"_oasis_is_in_workflow":0,"_oasis_original":0,"_uag_custom_page_level_css":"","footnotes":""},"class_list":["post-2649","page","type-page","status-publish","hentry"],"acf":[],"uagb_featured_image_src":{"full":false,"thumbnail":false,"medium":false,"medium_large":false,"large":false,"1536x1536":false,"2048x2048":false,"thumb-small":false,"thumb-standard":false,"thumb-medium":false,"thumb-large":false,"thumb-xlarge":false,"thumb-xxlarge":false,"mailpoet_newsletter_max":false},"uagb_author_info":{"display_name":"Rozenn D","author_link":"https:\/\/oi-paris.com\/wordpress\/author\/rozenn\/"},"uagb_comment_info":0,"uagb_excerpt":"Le blog est aliment\u00e9 par les\u00a0adh\u00e9rents qui le souhaitent, sous la houlette de Jean-Paul. Retrouvez ici la derni\u00e8re version du tutoriel de Rozenn : \u00e9crire article","_links":{"self":[{"href":"https:\/\/oi-paris.com\/wordpress\/wp-json\/wp\/v2\/pages\/2649","targetHints":{"allow":["GET"]}}],"collection":[{"href":"https:\/\/oi-paris.com\/wordpress\/wp-json\/wp\/v2\/pages"}],"about":[{"href":"https:\/\/oi-paris.com\/wordpress\/wp-json\/wp\/v2\/types\/page"}],"author":[{"embeddable":true,"href":"https:\/\/oi-paris.com\/wordpress\/wp-json\/wp\/v2\/users\/2"}],"replies":[{"embeddable":true,"href":"https:\/\/oi-paris.com\/wordpress\/wp-json\/wp\/v2\/comments?post=2649"}],"version-history":[{"count":7,"href":"https:\/\/oi-paris.com\/wordpress\/wp-json\/wp\/v2\/pages\/2649\/revisions"}],"predecessor-version":[{"id":16503,"href":"https:\/\/oi-paris.com\/wordpress\/wp-json\/wp\/v2\/pages\/2649\/revisions\/16503"}],"wp:attachment":[{"href":"https:\/\/oi-paris.com\/wordpress\/wp-json\/wp\/v2\/media?parent=2649"}],"curies":[{"name":"wp","href":"https:\/\/api.w.org\/{rel}","templated":true}]}}