{"id":427,"date":"2015-06-15T09:23:47","date_gmt":"2015-06-15T07:23:47","guid":{"rendered":"http:\/\/pierremphoto.legtux.org\/wp\/?page_id=427"},"modified":"2025-05-02T19:00:33","modified_gmt":"2025-05-02T17:00:33","slug":"presentation","status":"publish","type":"page","link":"https:\/\/oi-paris.com\/wordpress\/presentation\/","title":{"rendered":"L&#8217;association"},"content":{"rendered":"<div class=\"entry themeform\">\n<p><span style=\"color: #000000;\">Objectif Image Paris Ile de France est une association 1901 affili\u00e9e \u00e0<a href=\"https:\/\/objectif-image.fr\/\"> Objectif Image National,<\/a> dont le but est de permettre \u00e0 ses adh\u00e9rents de s\u2019initier et se perfectionner dans la pratique de la photographie, du montage audiovisuel et de la vid\u00e9o.<\/span><\/p>\n<p><span style=\"color: #000000;\">Il se passe souvent quelque chose \u00e0 Objectif Image. Pour conna\u00eetre le d\u00e9tail des activit\u00e9s (dates, horaires, programmes, lieux), consultez <a href=\"http:\/\/oi-paris.com\/wordpress\/?page_id=1229\" target=\"_blank\" rel=\"noopener\">l&#8217;agenda<\/a><\/span><\/p>\n<p>Le fonctionnement de l&#8217;association repose sur le b\u00e9n\u00e9volat de ses adh\u00e9rents.<\/p>\n<hr \/>\n<p><span style=\"color: #000000;\"><strong>Les adh\u00e9rents<br \/>\n<\/strong><\/span><\/p>\n<\/div>\n<div class=\"chapo\">\n<ul>\n<li><span style=\"color: #000000;\">Les adh\u00e9rents sont les forces vives de l\u2019association dont le fonctionnement et la qualit\u00e9 des activit\u00e9s reposent sur le b\u00e9n\u00e9volat. R\u00e9unis par des passions et des centres d\u2019int\u00e9r\u00eats communs, ils sont \u00e0 la fois les participants et les animateurs des activit\u00e9s propos\u00e9es.<\/span><\/li>\n<\/ul>\n<\/div>\n<ul>\n<li><span style=\"color: #000000;\">L\u2019adh\u00e9sion \u00e0 l\u2019association suppose l\u2019acceptation de principes communs en termes de droits et d\u2019obligations. Les adh\u00e9rents sont r\u00e9unis une fois par an en assembl\u00e9e g\u00e9n\u00e9rale souveraine.<\/span><br \/>\n<span style=\"color: #000000;\"> Ils sont aussi collectivement responsables de la p\u00e9rennit\u00e9 de l\u2019association et doivent \u00e0 ce titre s\u2019organiser pour assumer les t\u00e2ches de gestion impos\u00e9es par la loi de 1901.<\/span><\/li>\n<\/ul>\n<hr \/>\n<p><span style=\"color: #000000;\"><strong>Des droits<\/strong><\/span><\/p>\n<ul>\n<li><span style=\"color: #000000;\">Participer \u00e0 l\u2019ensemble des activit\u00e9s propos\u00e9es par l\u2019association (r\u00e9unions, formations, animations, concours, sorties, spectacles etc&#8230;)<\/span><\/li>\n<li><span style=\"color: #000000;\">S\u2019exprimer et voter aux assembl\u00e9es g\u00e9n\u00e9rales.<\/span><\/li>\n<li><span style=\"color: #000000;\">Utiliser et faire vivre les supports de communication par des contributions personnelles (articles, images, \u00e9changes de points de vue).<\/span><\/li>\n<\/ul>\n<div class=\"texte\">\n<hr \/>\n<p><span style=\"color: #000000;\"><strong>Des obligations<\/strong><\/span><\/p>\n<ul>\n<li><span style=\"color: #000000;\">Respecter les statuts.<\/span><\/li>\n<li><span style=\"color: #000000;\">Respecter les r\u00e8glements d\u2019utilisation des locaux et de pr\u00eat de mat\u00e9riels.<\/span><\/li>\n<li><span style=\"color: #000000;\">Respecter les chartes des supports de communication, notamment, faire appara\u00eetre le logo &#8220;oi-paris&#8221; sur les photos expos\u00e9es, dans les g\u00e9n\u00e9riques des montages audiovisuels et en d\u00e9but des films pr\u00e9sent\u00e9e en public.<\/span><\/li>\n<li><span style=\"color: #000000;\">Apporter autant que possible des contributions \u00e0 la vie artistique, \u00e0 l\u2019animation ou \u00e0 l\u2019administration de l\u2019association.<\/span><\/li>\n<\/ul>\n<hr \/>\n<p><span style=\"color: #000000;\"><strong>Le bureau <\/strong><\/span><br \/>\n<span style=\"color: #000000;\"> est \u00e9lu chaque ann\u00e9e par l\u2019assembl\u00e9e g\u00e9n\u00e9rale.<\/span><br \/>\n<span style=\"color: #000000;\"> Il est compos\u00e9\u00a0:<\/span><\/p>\n<ul>\n<li><span style=\"color: #000000;\">d\u2019un pr\u00e9sident,<\/span><\/li>\n<li><span style=\"color: #000000;\">d\u2019un secr\u00e9taire,<\/span><\/li>\n<li><span style=\"color: #000000;\">d\u2019un tr\u00e9sorier,<\/span><\/li>\n<li><span style=\"color: #000000;\">de plusieurs animateurs.<\/span><\/li>\n<\/ul>\n<p><span style=\"color: #000000;\">Le bureau a en charge le respect des obligations l\u00e9gales et fiscales impos\u00e9es par la loi de 1901.<\/span><\/p>\n<ul>\n<li><span style=\"color: #000000;\">Il est responsable de son action devant l\u2019assembl\u00e9e g\u00e9n\u00e9rale.<\/span><\/li>\n<li><span style=\"color: #000000;\">Il d\u00e9finit la politique et d\u00e9cide des actions en fonction de l\u2019objet de l\u2019association d\u00e9crit dans les statuts, des attentes formul\u00e9es par les adh\u00e9rents et de la politique sociale exprim\u00e9e par les bailleurs de fonds.<\/span><\/li>\n<\/ul>\n<hr \/>\n<p><span style=\"color: #000000;\"><strong>T\u00e9l\u00e9charger\u00a0 le r\u00e8glement Int\u00e9rieur<\/strong><\/span><\/p>\n<p><a href=\"http:\/\/oi-paris.com\/wordpress\/wp-content\/uploads\/2018\/01\/Modalit\u00e9s-Fonctionnement-2014.pdf\" target=\"_blank\" rel=\"noopener\">Modalit\u00e9s de Fonctionnement<\/a> (r\u00e8glement int\u00e9rieur)<\/p>\n<p><a href=\"http:\/\/oi-paris.com\/wordpress\/wp-content\/uploads\/2018\/05\/RESPECT-DES-STATUTS-RESEAU-FACEBOOK.pdf\" target=\"_blank\" rel=\"noopener\">Respect des statuts et Usage de Facebook<\/a><\/p>\n<\/div>\n<div class=\"entry themeform\"><\/div>\n","protected":false},"excerpt":{"rendered":"<p>Objectif Image Paris Ile de France est une association 1901 affili\u00e9e \u00e0 Objectif Image National, dont le but est de permettre \u00e0 ses adh\u00e9rents de s\u2019initier et se perfectionner dans la pratique de la&#46;&#46;&#46;<\/p>\n","protected":false},"author":4,"featured_media":0,"parent":0,"menu_order":0,"comment_status":"closed","ping_status":"closed","template":"","meta":{"_acf_changed":false,"_oasis_is_in_workflow":0,"_oasis_original":0,"_uag_custom_page_level_css":"","footnotes":""},"class_list":["post-427","page","type-page","status-publish","hentry"],"acf":[],"uagb_featured_image_src":{"full":false,"thumbnail":false,"medium":false,"medium_large":false,"large":false,"1536x1536":false,"2048x2048":false,"thumb-small":false,"thumb-standard":false,"thumb-medium":false,"thumb-large":false,"thumb-xlarge":false,"thumb-xxlarge":false,"mailpoet_newsletter_max":false},"uagb_author_info":{"display_name":"Jean Paul Petit","author_link":"https:\/\/oi-paris.com\/wordpress\/author\/jean-paul\/"},"uagb_comment_info":0,"uagb_excerpt":"Objectif Image Paris Ile de France est une association 1901 affili\u00e9e \u00e0 Objectif Image National, dont le but est de permettre \u00e0 ses adh\u00e9rents de s\u2019initier et se perfectionner dans la pratique de la&#46;&#46;&#46;","_links":{"self":[{"href":"https:\/\/oi-paris.com\/wordpress\/wp-json\/wp\/v2\/pages\/427","targetHints":{"allow":["GET"]}}],"collection":[{"href":"https:\/\/oi-paris.com\/wordpress\/wp-json\/wp\/v2\/pages"}],"about":[{"href":"https:\/\/oi-paris.com\/wordpress\/wp-json\/wp\/v2\/types\/page"}],"author":[{"embeddable":true,"href":"https:\/\/oi-paris.com\/wordpress\/wp-json\/wp\/v2\/users\/4"}],"replies":[{"embeddable":true,"href":"https:\/\/oi-paris.com\/wordpress\/wp-json\/wp\/v2\/comments?post=427"}],"version-history":[{"count":9,"href":"https:\/\/oi-paris.com\/wordpress\/wp-json\/wp\/v2\/pages\/427\/revisions"}],"predecessor-version":[{"id":18317,"href":"https:\/\/oi-paris.com\/wordpress\/wp-json\/wp\/v2\/pages\/427\/revisions\/18317"}],"wp:attachment":[{"href":"https:\/\/oi-paris.com\/wordpress\/wp-json\/wp\/v2\/media?parent=427"}],"curies":[{"name":"wp","href":"https:\/\/api.w.org\/{rel}","templated":true}]}}