{"id":430,"date":"2015-06-15T09:26:29","date_gmt":"2015-06-15T07:26:29","guid":{"rendered":"http:\/\/pierremphoto.legtux.org\/wp\/?page_id=430"},"modified":"2022-12-17T11:23:47","modified_gmt":"2022-12-17T10:23:47","slug":"historique","status":"publish","type":"page","link":"https:\/\/oi-paris.com\/wordpress\/historique\/","title":{"rendered":"Historique"},"content":{"rendered":"<p><span style=\"color: #000000;\">Le Photo-Cin\u00e9-Club des P.T.T. de Paris a \u00e9t\u00e9 cr\u00e9\u00e9 en 1935 par un groupe d&#8217;amis photographes, dans les bureaux du Central T\u00e9l\u00e9graphique de la rue de Grenelle.<\/span><\/p>\n<p><span style=\"color: #000000;\">Le Fondateur et principal animateur en a \u00e9t\u00e9 Pierre Alfred Francoual qui nous donna maints conseils, jusqu&#8217;\u00e0 l&#8217;\u00e2ge avanc\u00e9 de 94 ans.<\/span><\/p>\n<p><span style=\"color: #000000;\">Pendant les ann\u00e9es 1940-1945, le Club fut mis en sommeil, puis repartit de plus belle d\u00e8s 1946. Bien entendu, \u00e0 ce moment-l\u00e0, nous ne faisions que du &#8220;Noir et Blanc&#8221;. Puis, dans les ann\u00e9es 50, avec l&#8217;arriv\u00e9e des films n\u00e9gatifs et diapositifs sur le march\u00e9, une nouvelle Section s&#8217;est cr\u00e9e. Il en fut de m\u00eame pour la Section Cin\u00e9ma dirig\u00e9e par Gilbert Betoux et Alfred Remond.<\/span><\/p>\n<p><span style=\"color: #000000;\">D\u00e8s 1960, s&#8217;ajouta la Section Diaporama (dite \u00e9galement audiovisuelle), bien connue aujourd&#8217;hui, au rang international.<\/span><\/p>\n<p><span style=\"color: #000000;\">La Section Photographie participe aux comp\u00e9titions f\u00e9d\u00e9rales o\u00f9 elle s&#8217;est souvent class\u00e9e en Coupe de France (classification regroupant les trente meilleurs Clubs de notre pays). Elle participe \u00e9galement \u00e0 des Salons ext\u00e9rieurs, nationaux et internationaux, tant sur le plan du Club qu&#8217;\u00e0 l&#8217;\u00e9chelle d&#8217;individuels. Plusieurs membres poss\u00e8dent les distinctions &#8220;AFIAP \u2013 EFIAP \u2013 PSA&#8221;.<\/span><\/p>\n<p><span style=\"color: #000000;\">Tous nos travaux (d\u00e9veloppement des films Noir et Blanc ou Couleur \u2013n\u00e9gatif et diapositive-, de m\u00eame que les tirages sur papier) \u00e9taient r\u00e9alis\u00e9s dans nos locaux du Boulevard de Strasbourg, puis de la rue Taitbout. Depuis les ann\u00e9es 2000, le club s\u2019est converti progressivement \u00e0 la technique num\u00e9rique.<\/span><br \/>\n<span style=\"color: #000000;\"> Chaque mois, une r\u00e9union du Club est sp\u00e9cialement consacr\u00e9e \u00e0 une grande soir\u00e9e ou toutes les activit\u00e9s sont pr\u00e9sent\u00e9es.<\/span><\/p>\n<p><img loading=\"lazy\" decoding=\"async\" class=\"alignnone size-medium wp-image-9988 aligncenter\" src=\"https:\/\/oi-paris.com\/wordpress\/wp-content\/uploads\/2020\/02\/2-ENFANTS-HERGO-1-Copie_1080x1639-198x300.jpg\" alt=\"\" width=\"198\" height=\"300\" srcset=\"https:\/\/oi-paris.com\/wordpress\/wp-content\/uploads\/2020\/02\/2-ENFANTS-HERGO-1-Copie_1080x1639-198x300.jpg 198w, https:\/\/oi-paris.com\/wordpress\/wp-content\/uploads\/2020\/02\/2-ENFANTS-HERGO-1-Copie_1080x1639-675x1024.jpg 675w, https:\/\/oi-paris.com\/wordpress\/wp-content\/uploads\/2020\/02\/2-ENFANTS-HERGO-1-Copie_1080x1639.jpg 712w\" sizes=\"auto, (max-width: 198px) 100vw, 198px\" \/><\/p>\n<p style=\"text-align: center;\">Deux enfants &#8211; Hergo<br \/>\nAnimateur \u00e0 OI Paris pendant de nombreuses ann\u00e9es<\/p>\n","protected":false},"excerpt":{"rendered":"<p>Le Photo-Cin\u00e9-Club des P.T.T. de Paris a \u00e9t\u00e9 cr\u00e9\u00e9 en 1935 par un groupe d&#8217;amis photographes, dans les bureaux du Central T\u00e9l\u00e9graphique de la rue de Grenelle. Le Fondateur et principal animateur en a&#46;&#46;&#46;<\/p>\n","protected":false},"author":4,"featured_media":0,"parent":0,"menu_order":0,"comment_status":"closed","ping_status":"closed","template":"","meta":{"_acf_changed":false,"_oasis_is_in_workflow":0,"_oasis_original":0,"_uag_custom_page_level_css":"","footnotes":""},"class_list":["post-430","page","type-page","status-publish","hentry"],"acf":[],"uagb_featured_image_src":{"full":false,"thumbnail":false,"medium":false,"medium_large":false,"large":false,"1536x1536":false,"2048x2048":false,"thumb-small":false,"thumb-standard":false,"thumb-medium":false,"thumb-large":false,"thumb-xlarge":false,"thumb-xxlarge":false,"mailpoet_newsletter_max":false},"uagb_author_info":{"display_name":"Jean Paul Petit","author_link":"https:\/\/oi-paris.com\/wordpress\/author\/jean-paul\/"},"uagb_comment_info":0,"uagb_excerpt":"Le Photo-Cin\u00e9-Club des P.T.T. de Paris a \u00e9t\u00e9 cr\u00e9\u00e9 en 1935 par un groupe d&#8217;amis photographes, dans les bureaux du Central T\u00e9l\u00e9graphique de la rue de Grenelle. Le Fondateur et principal animateur en a&#46;&#46;&#46;","_links":{"self":[{"href":"https:\/\/oi-paris.com\/wordpress\/wp-json\/wp\/v2\/pages\/430","targetHints":{"allow":["GET"]}}],"collection":[{"href":"https:\/\/oi-paris.com\/wordpress\/wp-json\/wp\/v2\/pages"}],"about":[{"href":"https:\/\/oi-paris.com\/wordpress\/wp-json\/wp\/v2\/types\/page"}],"author":[{"embeddable":true,"href":"https:\/\/oi-paris.com\/wordpress\/wp-json\/wp\/v2\/users\/4"}],"replies":[{"embeddable":true,"href":"https:\/\/oi-paris.com\/wordpress\/wp-json\/wp\/v2\/comments?post=430"}],"version-history":[{"count":5,"href":"https:\/\/oi-paris.com\/wordpress\/wp-json\/wp\/v2\/pages\/430\/revisions"}],"predecessor-version":[{"id":14946,"href":"https:\/\/oi-paris.com\/wordpress\/wp-json\/wp\/v2\/pages\/430\/revisions\/14946"}],"wp:attachment":[{"href":"https:\/\/oi-paris.com\/wordpress\/wp-json\/wp\/v2\/media?parent=430"}],"curies":[{"name":"wp","href":"https:\/\/api.w.org\/{rel}","templated":true}]}}