{"id":439,"date":"2015-06-15T09:34:34","date_gmt":"2015-06-15T07:34:34","guid":{"rendered":"http:\/\/pierremphoto.legtux.org\/wp\/?page_id=439"},"modified":"2017-03-24T13:33:18","modified_gmt":"2017-03-24T11:33:18","slug":"m-objects","status":"publish","type":"page","link":"https:\/\/oi-paris.com\/wordpress\/m-objects\/","title":{"rendered":"m.objects"},"content":{"rendered":"<p><img loading=\"lazy\" decoding=\"async\" class=\" alignnone wp-image-914 size-thumbnail\" src=\"http:\/\/oi-paris.com\/wordpress\/wp-content\/uploads\/2015\/04\/51tKC-nDczL._SY300_1-150x150.jpg\" alt=\"51tKC-nDczL._SY300_\" width=\"150\" height=\"150\" srcset=\"https:\/\/oi-paris.com\/wordpress\/wp-content\/uploads\/2015\/04\/51tKC-nDczL._SY300_1-150x150.jpg 150w, https:\/\/oi-paris.com\/wordpress\/wp-content\/uploads\/2015\/04\/51tKC-nDczL._SY300_1.jpg 300w\" sizes=\"auto, (max-width: 150px) 100vw, 150px\" \/><\/p>\n<p><span style=\"color: #000000;\">M.objects est un\u00a0 puissant logiciel de montage audiovisuel. <\/span><\/p>\n<p><span style=\"color: #000000;\">Le logiciel est t\u00e9l\u00e9chargeable<span style=\"color: #0000ff;\"> <a style=\"color: #0000ff;\" href=\"http:\/\/www.m-objects.de\/index2.php?dv=&amp;loc=fr&amp;ref=fr&amp;sub_id=download&amp;rubrik=Logiciel%20m.objects%20AV&amp;type=list\" target=\"_blank\">ICI<\/a><\/span>.<\/span><\/p>\n<p><span style=\"color: #000000;\">Une version de base (3 pistes images et 3 pistes sons) est disponible pour les adh\u00e9rents du club. Les codes ainsi qu&#8217;une prise en main peuvent \u00eatre demand\u00e9s \u00e0 <a href=\"mailto:Jean-Paul@oi-paris.com\" target=\"_blank\">Jean Paul<\/a><\/span><\/p>\n<p><span style=\"color: #000000;\"><strong>Les fiches d&#8217;ABM Rennes<\/strong><\/span><\/p>\n<p><span style=\"color: #000000;\">Toute une serie de fiches p\u00e9dagogiques \u00e0 th\u00e8mes. Bien que portant sur une ancienne version de m.objects, elles restent d&#8217;actualit\u00e9 pour bien d\u00e9marrer.<\/span><\/p>\n<p><a href=\"http:\/\/www.abmrennes.eu\/creation\/manuel_mobj\/manuel.htm\" target=\"_blank\">Consulter la liste des fiches m.objects<\/a><\/p>\n<hr \/>\n<p><span style=\"color: #000000;\"><strong>Les tutoriels de Denys<\/strong><\/span><\/p>\n<p><span style=\"color: #000000;\">\u00c0 l&#8217;occasion d&#8217;une s\u00e9ance d&#8217;initiation, Denys \u00e0 enregistr\u00e9 la totalit\u00e9 de sa prestation.<\/span><\/p>\n<p><span style=\"color: #000000;\">T\u00e9l\u00e9charger les vid\u00e9os :<\/span><\/p>\n<ul>\n<li><a href=\"http:\/\/oi-paris.com\/Download\/Documents-OIParis\/m-objects-Denys-cours_debutant-part01.flv\" target=\"_blank\">Initiation 1ere partie<\/a><\/li>\n<li><a href=\"http:\/\/oi-paris.com\/Download\/Documents-OIParis\/m-objects-Denyscours_debutant-part02.flv\" target=\"_blank\">Initiation 2e partie<\/a><\/li>\n<\/ul>\n<hr \/>\n<p><span style=\"color: #000000;\"><strong>Une conf\u00e9rence de Stephen Richter (en anglais)<\/strong><\/span><\/p>\n<p><span style=\"color: #000000;\">Conf\u00e9rence donn\u00e9e \u00e0 Kortemark en Belgique, par le cr\u00e9ateur de m.objects, Stephen Richter (sur les nouveaut\u00e9s de la V6).<\/span><\/p>\n<ul>\n<li><a href=\"http:\/\/oi-paris.com\/Download\/Documents-OIParis\/ConferenceSRichter.zip\" target=\"_blank\">T\u00e9l\u00e9charger la conf\u00e9rence<\/a><\/li>\n<\/ul>\n<p>&nbsp;<\/p>\n<p>&nbsp;<\/p>\n<p>&nbsp;<\/p>\n<p>&nbsp;<\/p>\n<p>&nbsp;<\/p>\n<p>&nbsp;<\/p>\n<p>&nbsp;<\/p>\n","protected":false},"excerpt":{"rendered":"<p>M.objects est un\u00a0 puissant logiciel de montage audiovisuel. Le logiciel est t\u00e9l\u00e9chargeable ICI. Une version de base (3 pistes images et 3 pistes sons) est disponible pour les adh\u00e9rents du club. Les codes ainsi&#46;&#46;&#46;<\/p>\n","protected":false},"author":4,"featured_media":0,"parent":0,"menu_order":0,"comment_status":"closed","ping_status":"closed","template":"","meta":{"_acf_changed":false,"_oasis_is_in_workflow":0,"_oasis_original":0,"_uag_custom_page_level_css":"","footnotes":""},"class_list":["post-439","page","type-page","status-publish","hentry"],"acf":[],"uagb_featured_image_src":{"full":false,"thumbnail":false,"medium":false,"medium_large":false,"large":false,"1536x1536":false,"2048x2048":false,"thumb-small":false,"thumb-standard":false,"thumb-medium":false,"thumb-large":false,"thumb-xlarge":false,"thumb-xxlarge":false,"mailpoet_newsletter_max":false},"uagb_author_info":{"display_name":"Jean Paul Petit","author_link":"https:\/\/oi-paris.com\/wordpress\/author\/jean-paul\/"},"uagb_comment_info":0,"uagb_excerpt":"M.objects est un\u00a0 puissant logiciel de montage audiovisuel. Le logiciel est t\u00e9l\u00e9chargeable ICI. Une version de base (3 pistes images et 3 pistes sons) est disponible pour les adh\u00e9rents du club. Les codes ainsi&#46;&#46;&#46;","_links":{"self":[{"href":"https:\/\/oi-paris.com\/wordpress\/wp-json\/wp\/v2\/pages\/439","targetHints":{"allow":["GET"]}}],"collection":[{"href":"https:\/\/oi-paris.com\/wordpress\/wp-json\/wp\/v2\/pages"}],"about":[{"href":"https:\/\/oi-paris.com\/wordpress\/wp-json\/wp\/v2\/types\/page"}],"author":[{"embeddable":true,"href":"https:\/\/oi-paris.com\/wordpress\/wp-json\/wp\/v2\/users\/4"}],"replies":[{"embeddable":true,"href":"https:\/\/oi-paris.com\/wordpress\/wp-json\/wp\/v2\/comments?post=439"}],"version-history":[{"count":5,"href":"https:\/\/oi-paris.com\/wordpress\/wp-json\/wp\/v2\/pages\/439\/revisions"}],"predecessor-version":[{"id":5551,"href":"https:\/\/oi-paris.com\/wordpress\/wp-json\/wp\/v2\/pages\/439\/revisions\/5551"}],"wp:attachment":[{"href":"https:\/\/oi-paris.com\/wordpress\/wp-json\/wp\/v2\/media?parent=439"}],"curies":[{"name":"wp","href":"https:\/\/api.w.org\/{rel}","templated":true}]}}