{"id":53,"date":"2015-04-23T10:58:26","date_gmt":"2015-04-23T09:58:26","guid":{"rendered":"http:\/\/pierremphoto.legtux.org\/wp\/?page_id=53"},"modified":"2024-01-15T10:56:55","modified_gmt":"2024-01-15T09:56:55","slug":"mardi-doi","status":"publish","type":"page","link":"https:\/\/oi-paris.com\/wordpress\/mardi-doi\/","title":{"rendered":"Que faisons-nous ?"},"content":{"rendered":"<p><strong>Les activit\u00e9s propos\u00e9es au sein de l&#8217;association sont :<\/strong><\/p>\n<ul>\n<li><strong>La pratique de la photographie (prise de vue, impression, laboratoire argentique, studio)<\/strong><\/li>\n<li><strong>La pratique de la vid\u00e9o (sc\u00e9nario, captation, montage)<\/strong><\/li>\n<li><strong>La pratique du court m\u00e9trage photo (conception, r\u00e9alisation)<\/strong><\/li>\n<li><strong>L&#8217;organisation de\u00a0 stages sur divers sujets (techniques, ou artistiques)<\/strong><\/li>\n<li><strong>L&#8217;organisation de sorties photos<\/strong><\/li>\n<li><strong>L&#8217;organisation ou la participation \u00e0 des expositions<\/strong><\/li>\n<li><strong>La collaboration avec d&#8217;autres associations\u00a0 (couverture photo et\/ou vid\u00e9o de manifestation, conf\u00e9rences)<\/strong><\/li>\n<\/ul>\n<p><strong><span style=\"color: #000000;\"><a href=\"https:\/\/oi-paris.com\/wordpress\/les-reunions\/\">L<\/a><a href=\"https:\/\/oi-paris.com\/wordpress\/les-reunions\/\">es r\u00e9unions, occasions de discussions et d&#8217;\u00e9changes, se tiennent r\u00e9guli\u00e8rement \u00a0chaque mardi<\/a><\/span><span style=\"color: #000000;\">\u00a0<\/span><\/strong><\/p>\n<p><strong><img loading=\"lazy\" decoding=\"async\" class=\"wp-image-14772 aligncenter\" src=\"https:\/\/oi-paris.com\/wordpress\/wp-content\/uploads\/2022\/12\/OI2022-12-VI_3.jpg\" alt=\"\" width=\"694\" height=\"1045\" \/><\/strong><\/p>\n","protected":false},"excerpt":{"rendered":"<p>Les activit\u00e9s propos\u00e9es au sein de l&#8217;association sont : La pratique de la photographie (prise de vue, impression, laboratoire argentique, studio) La pratique de la vid\u00e9o (sc\u00e9nario, captation, montage) La pratique du court m\u00e9trage&#46;&#46;&#46;<\/p>\n","protected":false},"author":2,"featured_media":0,"parent":0,"menu_order":0,"comment_status":"closed","ping_status":"closed","template":"","meta":{"_acf_changed":false,"_oasis_is_in_workflow":0,"_oasis_original":0,"_uag_custom_page_level_css":"","footnotes":""},"class_list":["post-53","page","type-page","status-publish","hentry"],"acf":[],"uagb_featured_image_src":{"full":false,"thumbnail":false,"medium":false,"medium_large":false,"large":false,"1536x1536":false,"2048x2048":false,"thumb-small":false,"thumb-standard":false,"thumb-medium":false,"thumb-large":false,"thumb-xlarge":false,"thumb-xxlarge":false,"mailpoet_newsletter_max":false},"uagb_author_info":{"display_name":"Rozenn D","author_link":"https:\/\/oi-paris.com\/wordpress\/author\/rozenn\/"},"uagb_comment_info":0,"uagb_excerpt":"Les activit\u00e9s propos\u00e9es au sein de l&#8217;association sont : La pratique de la photographie (prise de vue, impression, laboratoire argentique, studio) La pratique de la vid\u00e9o (sc\u00e9nario, captation, montage) La pratique du court m\u00e9trage&#46;&#46;&#46;","_links":{"self":[{"href":"https:\/\/oi-paris.com\/wordpress\/wp-json\/wp\/v2\/pages\/53","targetHints":{"allow":["GET"]}}],"collection":[{"href":"https:\/\/oi-paris.com\/wordpress\/wp-json\/wp\/v2\/pages"}],"about":[{"href":"https:\/\/oi-paris.com\/wordpress\/wp-json\/wp\/v2\/types\/page"}],"author":[{"embeddable":true,"href":"https:\/\/oi-paris.com\/wordpress\/wp-json\/wp\/v2\/users\/2"}],"replies":[{"embeddable":true,"href":"https:\/\/oi-paris.com\/wordpress\/wp-json\/wp\/v2\/comments?post=53"}],"version-history":[{"count":19,"href":"https:\/\/oi-paris.com\/wordpress\/wp-json\/wp\/v2\/pages\/53\/revisions"}],"predecessor-version":[{"id":16370,"href":"https:\/\/oi-paris.com\/wordpress\/wp-json\/wp\/v2\/pages\/53\/revisions\/16370"}],"wp:attachment":[{"href":"https:\/\/oi-paris.com\/wordpress\/wp-json\/wp\/v2\/media?parent=53"}],"curies":[{"name":"wp","href":"https:\/\/api.w.org\/{rel}","templated":true}]}}