{"id":61,"date":"2015-04-23T10:59:10","date_gmt":"2015-04-23T09:59:10","guid":{"rendered":"http:\/\/pierremphoto.legtux.org\/wp\/?page_id=61"},"modified":"2022-12-17T11:14:28","modified_gmt":"2022-12-17T10:14:28","slug":"locaux","status":"publish","type":"page","link":"https:\/\/oi-paris.com\/wordpress\/locaux\/","title":{"rendered":"Les locaux"},"content":{"rendered":"<p><span style=\"color: #000000;\">Objectif Image est h\u00e9berg\u00e9 dans la maison des associations du groupe La Poste au 8 rue Brillat Savarin 75013 Paris.<\/span><\/p>\n<p style=\"text-align: justify;\"><span style=\"color: #000000;\">Le club dispose d&#8217;un studio de prise de vue, de deux positions d&#8217;impression install\u00e9es dans le m\u00eame local, d&#8217;une position de fabrication de marie-louise, d&#8217;un laboratoire argentique, d&#8217;une position de montage vid\u00e9o, d&#8217;une position de montage diaporama, d&#8217;une position\u00a0 de num\u00e9risation de diapositives, toutes trois regroup\u00e9es dans le m\u00eame local.<\/span><\/p>\n<p><span style=\"color: #000000;\">Les r\u00e9unions se tiennent dans une salle commune partag\u00e9e avec d&#8217;autres associations.<\/span><\/p>\n<p><span style=\"color: #000000;\">Les adh\u00e9rents ont acc\u00e8s aux diff\u00e9rentes positions de travail aux conditions suivantes :<\/span><\/p>\n<ul>\n<li><strong><span style=\"color: #000000;\">Etre \u00e0 jour de leur cotisation<\/span><\/strong><\/li>\n<li><strong><span style=\"color: #000000;\">Avoir r\u00e9serv\u00e9 \u00e0 l&#8217;avance un cr\u00e9neau de temps pour la position souhait\u00e9e<\/span><\/strong><\/li>\n<li><strong><span style=\"color: #000000;\">Etre reconnus aptes \u00e0 utiliser seuls le mat\u00e9riel mis \u00e0 leur disposition<\/span><\/strong><\/li>\n<\/ul>\n<p style=\"text-align: center;\"><img loading=\"lazy\" decoding=\"async\" class=\"alignnone size-full wp-image-11395\" src=\"https:\/\/oi-paris.com\/wordpress\/wp-content\/uploads\/2020\/06\/les-espaces-d-abraxas-de-ricardo-bofill-02.jpg\" alt=\"\" width=\"1267\" height=\"1000\" \/><\/p>\n","protected":false},"excerpt":{"rendered":"<p>Objectif Image est h\u00e9berg\u00e9 dans la maison des associations du groupe La Poste au 8 rue Brillat Savarin 75013 Paris. Le club dispose d&#8217;un studio de prise de vue, de deux positions d&#8217;impression install\u00e9es&#46;&#46;&#46;<\/p>\n","protected":false},"author":2,"featured_media":0,"parent":0,"menu_order":0,"comment_status":"closed","ping_status":"closed","template":"","meta":{"_acf_changed":false,"_oasis_is_in_workflow":0,"_oasis_original":0,"_uag_custom_page_level_css":"","footnotes":""},"class_list":["post-61","page","type-page","status-publish","hentry"],"acf":[],"uagb_featured_image_src":{"full":false,"thumbnail":false,"medium":false,"medium_large":false,"large":false,"1536x1536":false,"2048x2048":false,"thumb-small":false,"thumb-standard":false,"thumb-medium":false,"thumb-large":false,"thumb-xlarge":false,"thumb-xxlarge":false,"mailpoet_newsletter_max":false},"uagb_author_info":{"display_name":"Rozenn D","author_link":"https:\/\/oi-paris.com\/wordpress\/author\/rozenn\/"},"uagb_comment_info":0,"uagb_excerpt":"Objectif Image est h\u00e9berg\u00e9 dans la maison des associations du groupe La Poste au 8 rue Brillat Savarin 75013 Paris. Le club dispose d&#8217;un studio de prise de vue, de deux positions d&#8217;impression install\u00e9es&#46;&#46;&#46;","_links":{"self":[{"href":"https:\/\/oi-paris.com\/wordpress\/wp-json\/wp\/v2\/pages\/61","targetHints":{"allow":["GET"]}}],"collection":[{"href":"https:\/\/oi-paris.com\/wordpress\/wp-json\/wp\/v2\/pages"}],"about":[{"href":"https:\/\/oi-paris.com\/wordpress\/wp-json\/wp\/v2\/types\/page"}],"author":[{"embeddable":true,"href":"https:\/\/oi-paris.com\/wordpress\/wp-json\/wp\/v2\/users\/2"}],"replies":[{"embeddable":true,"href":"https:\/\/oi-paris.com\/wordpress\/wp-json\/wp\/v2\/comments?post=61"}],"version-history":[{"count":14,"href":"https:\/\/oi-paris.com\/wordpress\/wp-json\/wp\/v2\/pages\/61\/revisions"}],"predecessor-version":[{"id":14944,"href":"https:\/\/oi-paris.com\/wordpress\/wp-json\/wp\/v2\/pages\/61\/revisions\/14944"}],"wp:attachment":[{"href":"https:\/\/oi-paris.com\/wordpress\/wp-json\/wp\/v2\/media?parent=61"}],"curies":[{"name":"wp","href":"https:\/\/api.w.org\/{rel}","templated":true}]}}