{"id":9716,"date":"2019-11-19T20:49:12","date_gmt":"2019-11-19T19:49:12","guid":{"rendered":"http:\/\/oi-paris.com\/wordpress\/evenements\/"},"modified":"2019-11-21T16:19:10","modified_gmt":"2019-11-21T15:19:10","slug":"evenements","status":"publish","type":"page","link":"https:\/\/oi-paris.com\/wordpress\/evenements\/","title":{"rendered":"\u00c9v\u00e8nements"},"content":{"rendered":"<p>Cette page est utilis\u00e9e par Events Made Easy. Ne la modifiez pas, ne l&#8217;utilisez pas dans vos menus, ne la supprimez pas. Assurez-vous simplement que le param\u00e8tre EME appel\u00e9 \u00ab\u00a0Events page\u00a0\u00bb pointe vers cette page. EME utilise cette page pour afficher tous les \u00e9v\u00e8nements, lieux, r\u00e9servations, cartes, etc. Si vous souhaitez supprimer cette page, cr\u00e9ez-en une nouvelle que EME peut utiliser et mettez \u00e0 jour le param\u00e8tre EME \u00ab\u00a0Events page\u00a0\u00bb en cons\u00e9quence.<\/p>\n<p>&nbsp;<\/p>\n","protected":false},"excerpt":{"rendered":"<p>Cette page est utilis\u00e9e par Events Made Easy. Ne la modifiez pas, ne l&#8217;utilisez pas dans vos menus, ne la supprimez pas. Assurez-vous simplement que le param\u00e8tre EME appel\u00e9 \u00ab\u00a0Events page\u00a0\u00bb pointe vers cette&#46;&#46;&#46;<\/p>\n","protected":false},"author":1,"featured_media":0,"parent":0,"menu_order":0,"comment_status":"closed","ping_status":"closed","template":"","meta":{"_acf_changed":false,"_oasis_is_in_workflow":0,"_oasis_original":0,"_uag_custom_page_level_css":"","footnotes":""},"class_list":["post-9716","page","type-page","status-publish","hentry"],"acf":[],"uagb_featured_image_src":{"full":false,"thumbnail":false,"medium":false,"medium_large":false,"large":false,"1536x1536":false,"2048x2048":false,"thumb-small":false,"thumb-standard":false,"thumb-medium":false,"thumb-large":false,"thumb-xlarge":false,"thumb-xxlarge":false,"mailpoet_newsletter_max":false},"uagb_author_info":{"display_name":"stephane D","author_link":"https:\/\/oi-paris.com\/wordpress\/author\/stephane\/"},"uagb_comment_info":0,"uagb_excerpt":"Cette page est utilis\u00e9e par Events Made Easy. Ne la modifiez pas, ne l&#8217;utilisez pas dans vos menus, ne la supprimez pas. Assurez-vous simplement que le param\u00e8tre EME appel\u00e9 \u00ab\u00a0Events page\u00a0\u00bb pointe vers cette&#46;&#46;&#46;","_links":{"self":[{"href":"https:\/\/oi-paris.com\/wordpress\/wp-json\/wp\/v2\/pages\/9716","targetHints":{"allow":["GET"]}}],"collection":[{"href":"https:\/\/oi-paris.com\/wordpress\/wp-json\/wp\/v2\/pages"}],"about":[{"href":"https:\/\/oi-paris.com\/wordpress\/wp-json\/wp\/v2\/types\/page"}],"author":[{"embeddable":true,"href":"https:\/\/oi-paris.com\/wordpress\/wp-json\/wp\/v2\/users\/1"}],"replies":[{"embeddable":true,"href":"https:\/\/oi-paris.com\/wordpress\/wp-json\/wp\/v2\/comments?post=9716"}],"version-history":[{"count":7,"href":"https:\/\/oi-paris.com\/wordpress\/wp-json\/wp\/v2\/pages\/9716\/revisions"}],"predecessor-version":[{"id":16429,"href":"https:\/\/oi-paris.com\/wordpress\/wp-json\/wp\/v2\/pages\/9716\/revisions\/16429"}],"wp:attachment":[{"href":"https:\/\/oi-paris.com\/wordpress\/wp-json\/wp\/v2\/media?parent=9716"}],"curies":[{"name":"wp","href":"https:\/\/api.w.org\/{rel}","templated":true}]}}